{"id":1186,"date":"2023-06-27T06:18:29","date_gmt":"2023-06-27T06:18:29","guid":{"rendered":"https:\/\/www.innomould.be\/site\/2023\/producte\/halbzeuge-in-peek-pctfe-pfa\/"},"modified":"2023-11-17T13:01:44","modified_gmt":"2023-11-17T13:01:44","slug":"halbzeuge-peek-pctfe-pfa","status":"publish","type":"page","link":"https:\/\/www.innomould.be\/de\/produkte\/halbzeuge-peek-pctfe-pfa\/","title":{"rendered":"Halbzeuge in Peek, PCTFE, PFA,&#8230;"},"content":{"rendered":"\t\t<div data-elementor-type=\"wp-page\" data-elementor-id=\"1186\" class=\"elementor elementor-1186 elementor-845\" data-elementor-post-type=\"page\">\n\t\t\t\t\t\t<section class=\"elementor-section elementor-top-section elementor-element elementor-element-597aa27 elementor-section-boxed elementor-section-height-default elementor-section-height-default\" data-id=\"597aa27\" data-element_type=\"section\" data-e-type=\"section\">\n\t\t\t\t\t\t<div class=\"elementor-container elementor-column-gap-default\">\n\t\t\t\t\t<div class=\"elementor-column elementor-col-100 elementor-top-column elementor-element elementor-element-7c55065\" data-id=\"7c55065\" data-element_type=\"column\" data-e-type=\"column\">\n\t\t\t<div class=\"elementor-widget-wrap elementor-element-populated\">\n\t\t\t\t\t\t<div class=\"elementor-element elementor-element-069f941 elementor-widget elementor-widget-text-editor\" data-id=\"069f941\" data-element_type=\"widget\" data-e-type=\"widget\" data-widget_type=\"text-editor.default\">\n\t\t\t\t<div class=\"elementor-widget-container\">\n\t\t\t\t\t\t\t\t\t<ul>\n<li>PEEK<\/li>\n<li>PCTFE<\/li>\n<li>PFA<\/li>\n<li>PPS<\/li>\n<li>UHMWPE<\/li>\n<\/ul><div><br><\/div>\n<p>Durch eine besonders gro\u00dfe Anzahl an Formen hat InnoMould die M\u00f6glichkeit, optimale Kombinationen im Innen- und Au\u00dfendurchmesser vorzunehmen. Diese Werkzeuge wurden speziell f\u00fcr die Bearbeitung von Materialien mit hoher Druck- und Temperaturbest\u00e4ndigkeit entwickelt, wie zum Beispiel:<\/p>\n<p>PEEK \u2013 modifiziertes PEEK BG4330 \u2013 spezielle Compounds in PEEK<\/p>\n<p>Als Basis wird Victex\u00ae 450 PEEK-Pulver verwendet. Daraus stellen wir unsere eigenen Compounds mit F\u00fcllstoffen wie PTFE, Graphit, Kohlefasern, Glasfasern,\u2026 her.<\/p>\n<p><a href=\"https:\/\/www.innomould.be\/site\/2023\/wp-content\/uploads\/2023\/10\/Dimensions-PEEK-tubes.pdf\" target=\"_blank\" rel=\"noopener\">&gt;&gt; Klicken Sie hier, um die Werkzeugliste herunterzuladen<\/a><\/p>\t\t\t\t\t\t\t\t<\/div>\n\t\t\t\t<\/div>\n\t\t\t\t<div class=\"elementor-element elementor-element-7a2b66e elementor-widget elementor-widget-gallery\" data-id=\"7a2b66e\" data-element_type=\"widget\" data-e-type=\"widget\" data-settings=\"{&quot;gallery_layout&quot;:&quot;masonry&quot;,&quot;columns&quot;:3,&quot;lazyload&quot;:&quot;yes&quot;,&quot;columns_tablet&quot;:2,&quot;columns_mobile&quot;:1,&quot;gap&quot;:{&quot;unit&quot;:&quot;px&quot;,&quot;size&quot;:10,&quot;sizes&quot;:[]},&quot;gap_tablet&quot;:{&quot;unit&quot;:&quot;px&quot;,&quot;size&quot;:10,&quot;sizes&quot;:[]},&quot;gap_mobile&quot;:{&quot;unit&quot;:&quot;px&quot;,&quot;size&quot;:10,&quot;sizes&quot;:[]},&quot;link_to&quot;:&quot;file&quot;,&quot;overlay_background&quot;:&quot;yes&quot;,&quot;content_hover_animation&quot;:&quot;fade-in&quot;}\" data-widget_type=\"gallery.default\">\n\t\t\t\t<div class=\"elementor-widget-container\">\n\t\t\t\t\t\t\t<div class=\"elementor-gallery__container\">\n\t\t\t\t\t\t\t<a class=\"e-gallery-item elementor-gallery-item elementor-animated-content\" href=\"https:\/\/www.innomould.be\/site\/2023\/wp-content\/uploads\/2023\/06\/im-halffrabrikaten0007.jpg\" data-elementor-open-lightbox=\"yes\" data-elementor-lightbox-slideshow=\"7a2b66e\" data-elementor-lightbox-title=\"im-halffrabrikaten0007\" data-e-action-hash=\"#elementor-action%3Aaction%3Dlightbox%26settings%3DeyJpZCI6ODUxLCJ1cmwiOiJodHRwczpcL1wvd3d3Lmlubm9tb3VsZC5iZVwvc2l0ZVwvMjAyM1wvd3AtY29udGVudFwvdXBsb2Fkc1wvMjAyM1wvMDZcL2ltLWhhbGZmcmFicmlrYXRlbjAwMDcuanBnIiwic2xpZGVzaG93IjoiN2EyYjY2ZSJ9\">\n\t\t\t\t\t<div class=\"e-gallery-image elementor-gallery-item__image\" data-thumbnail=\"https:\/\/www.innomould.be\/site\/2023\/wp-content\/uploads\/2023\/06\/im-halffrabrikaten0007-300x200.jpg\" data-width=\"300\" data-height=\"200\" aria-label=\"\" role=\"img\" ><\/div>\n\t\t\t\t\t\t\t\t\t\t\t<div class=\"elementor-gallery-item__overlay\"><\/div>\n\t\t\t\t\t\t\t\t\t\t\t\t\t\t<\/a>\n\t\t\t\t\t\t\t<a class=\"e-gallery-item elementor-gallery-item elementor-animated-content\" href=\"https:\/\/www.innomould.be\/site\/2023\/wp-content\/uploads\/2023\/06\/im-halffrabrikaten0006.jpg\" data-elementor-open-lightbox=\"yes\" data-elementor-lightbox-slideshow=\"7a2b66e\" data-elementor-lightbox-title=\"im-halffrabrikaten0006\" data-e-action-hash=\"#elementor-action%3Aaction%3Dlightbox%26settings%3DeyJpZCI6ODU0LCJ1cmwiOiJodHRwczpcL1wvd3d3Lmlubm9tb3VsZC5iZVwvc2l0ZVwvMjAyM1wvd3AtY29udGVudFwvdXBsb2Fkc1wvMjAyM1wvMDZcL2ltLWhhbGZmcmFicmlrYXRlbjAwMDYuanBnIiwic2xpZGVzaG93IjoiN2EyYjY2ZSJ9\">\n\t\t\t\t\t<div class=\"e-gallery-image elementor-gallery-item__image\" data-thumbnail=\"https:\/\/www.innomould.be\/site\/2023\/wp-content\/uploads\/2023\/06\/im-halffrabrikaten0006-200x300.jpg\" data-width=\"200\" data-height=\"300\" aria-label=\"\" role=\"img\" ><\/div>\n\t\t\t\t\t\t\t\t\t\t\t<div class=\"elementor-gallery-item__overlay\"><\/div>\n\t\t\t\t\t\t\t\t\t\t\t\t\t\t<\/a>\n\t\t\t\t\t\t\t<a class=\"e-gallery-item elementor-gallery-item elementor-animated-content\" href=\"https:\/\/www.innomould.be\/site\/2023\/wp-content\/uploads\/2023\/06\/im-halffrabrikaten0004.jpg\" data-elementor-open-lightbox=\"yes\" data-elementor-lightbox-slideshow=\"7a2b66e\" data-elementor-lightbox-title=\"im-halffrabrikaten0004\" data-e-action-hash=\"#elementor-action%3Aaction%3Dlightbox%26settings%3DeyJpZCI6ODU3LCJ1cmwiOiJodHRwczpcL1wvd3d3Lmlubm9tb3VsZC5iZVwvc2l0ZVwvMjAyM1wvd3AtY29udGVudFwvdXBsb2Fkc1wvMjAyM1wvMDZcL2ltLWhhbGZmcmFicmlrYXRlbjAwMDQuanBnIiwic2xpZGVzaG93IjoiN2EyYjY2ZSJ9\">\n\t\t\t\t\t<div class=\"e-gallery-image elementor-gallery-item__image\" data-thumbnail=\"https:\/\/www.innomould.be\/site\/2023\/wp-content\/uploads\/2023\/06\/im-halffrabrikaten0004-300x200.jpg\" data-width=\"300\" data-height=\"200\" aria-label=\"\" role=\"img\" ><\/div>\n\t\t\t\t\t\t\t\t\t\t\t<div class=\"elementor-gallery-item__overlay\"><\/div>\n\t\t\t\t\t\t\t\t\t\t\t\t\t\t<\/a>\n\t\t\t\t\t\t\t<a class=\"e-gallery-item elementor-gallery-item elementor-animated-content\" href=\"https:\/\/www.innomould.be\/site\/2023\/wp-content\/uploads\/2023\/06\/im-halffrabrikaten0003.jpg\" data-elementor-open-lightbox=\"yes\" data-elementor-lightbox-slideshow=\"7a2b66e\" data-elementor-lightbox-title=\"im-halffrabrikaten0003\" data-e-action-hash=\"#elementor-action%3Aaction%3Dlightbox%26settings%3DeyJpZCI6ODYwLCJ1cmwiOiJodHRwczpcL1wvd3d3Lmlubm9tb3VsZC5iZVwvc2l0ZVwvMjAyM1wvd3AtY29udGVudFwvdXBsb2Fkc1wvMjAyM1wvMDZcL2ltLWhhbGZmcmFicmlrYXRlbjAwMDMuanBnIiwic2xpZGVzaG93IjoiN2EyYjY2ZSJ9\">\n\t\t\t\t\t<div class=\"e-gallery-image elementor-gallery-item__image\" data-thumbnail=\"https:\/\/www.innomould.be\/site\/2023\/wp-content\/uploads\/2023\/06\/im-halffrabrikaten0003-300x200.jpg\" data-width=\"300\" data-height=\"200\" aria-label=\"\" role=\"img\" ><\/div>\n\t\t\t\t\t\t\t\t\t\t\t<div class=\"elementor-gallery-item__overlay\"><\/div>\n\t\t\t\t\t\t\t\t\t\t\t\t\t\t<\/a>\n\t\t\t\t\t\t\t<a class=\"e-gallery-item elementor-gallery-item elementor-animated-content\" href=\"https:\/\/www.innomould.be\/site\/2023\/wp-content\/uploads\/2023\/06\/im-halffrabrikaten0005.jpg\" data-elementor-open-lightbox=\"yes\" data-elementor-lightbox-slideshow=\"7a2b66e\" data-elementor-lightbox-title=\"im-halffrabrikaten0005\" data-e-action-hash=\"#elementor-action%3Aaction%3Dlightbox%26settings%3DeyJpZCI6ODYzLCJ1cmwiOiJodHRwczpcL1wvd3d3Lmlubm9tb3VsZC5iZVwvc2l0ZVwvMjAyM1wvd3AtY29udGVudFwvdXBsb2Fkc1wvMjAyM1wvMDZcL2ltLWhhbGZmcmFicmlrYXRlbjAwMDUuanBnIiwic2xpZGVzaG93IjoiN2EyYjY2ZSJ9\">\n\t\t\t\t\t<div class=\"e-gallery-image elementor-gallery-item__image\" data-thumbnail=\"https:\/\/www.innomould.be\/site\/2023\/wp-content\/uploads\/2023\/06\/im-halffrabrikaten0005-200x300.jpg\" data-width=\"200\" data-height=\"300\" aria-label=\"\" role=\"img\" ><\/div>\n\t\t\t\t\t\t\t\t\t\t\t<div class=\"elementor-gallery-item__overlay\"><\/div>\n\t\t\t\t\t\t\t\t\t\t\t\t\t\t<\/a>\n\t\t\t\t\t\t\t<a class=\"e-gallery-item elementor-gallery-item elementor-animated-content\" href=\"https:\/\/www.innomould.be\/site\/2023\/wp-content\/uploads\/2023\/06\/im-halffrabrikaten0002.jpg\" data-elementor-open-lightbox=\"yes\" data-elementor-lightbox-slideshow=\"7a2b66e\" data-elementor-lightbox-title=\"im-halffrabrikaten0002\" data-e-action-hash=\"#elementor-action%3Aaction%3Dlightbox%26settings%3DeyJpZCI6ODY2LCJ1cmwiOiJodHRwczpcL1wvd3d3Lmlubm9tb3VsZC5iZVwvc2l0ZVwvMjAyM1wvd3AtY29udGVudFwvdXBsb2Fkc1wvMjAyM1wvMDZcL2ltLWhhbGZmcmFicmlrYXRlbjAwMDIuanBnIiwic2xpZGVzaG93IjoiN2EyYjY2ZSJ9\">\n\t\t\t\t\t<div class=\"e-gallery-image elementor-gallery-item__image\" data-thumbnail=\"https:\/\/www.innomould.be\/site\/2023\/wp-content\/uploads\/2023\/06\/im-halffrabrikaten0002-300x200.jpg\" data-width=\"300\" data-height=\"200\" aria-label=\"\" role=\"img\" ><\/div>\n\t\t\t\t\t\t\t\t\t\t\t<div class=\"elementor-gallery-item__overlay\"><\/div>\n\t\t\t\t\t\t\t\t\t\t\t\t\t\t<\/a>\n\t\t\t\t\t\t\t<a class=\"e-gallery-item elementor-gallery-item elementor-animated-content\" href=\"https:\/\/www.innomould.be\/site\/2023\/wp-content\/uploads\/2023\/06\/im-halffrabrikaten0001.jpg\" data-elementor-open-lightbox=\"yes\" data-elementor-lightbox-slideshow=\"7a2b66e\" data-elementor-lightbox-title=\"im-halffrabrikaten0001\" data-e-action-hash=\"#elementor-action%3Aaction%3Dlightbox%26settings%3DeyJpZCI6ODY5LCJ1cmwiOiJodHRwczpcL1wvd3d3Lmlubm9tb3VsZC5iZVwvc2l0ZVwvMjAyM1wvd3AtY29udGVudFwvdXBsb2Fkc1wvMjAyM1wvMDZcL2ltLWhhbGZmcmFicmlrYXRlbjAwMDEuanBnIiwic2xpZGVzaG93IjoiN2EyYjY2ZSJ9\">\n\t\t\t\t\t<div class=\"e-gallery-image elementor-gallery-item__image\" data-thumbnail=\"https:\/\/www.innomould.be\/site\/2023\/wp-content\/uploads\/2023\/06\/im-halffrabrikaten0001-240x300.jpg\" data-width=\"240\" data-height=\"300\" aria-label=\"\" role=\"img\" ><\/div>\n\t\t\t\t\t\t\t\t\t\t\t<div class=\"elementor-gallery-item__overlay\"><\/div>\n\t\t\t\t\t\t\t\t\t\t\t\t\t\t<\/a>\n\t\t\t\t\t\t\t<a class=\"e-gallery-item elementor-gallery-item elementor-animated-content\" href=\"https:\/\/www.innomould.be\/site\/2023\/wp-content\/uploads\/2023\/10\/PEEK-semi-finished-tubes-scaled.jpg\" data-elementor-open-lightbox=\"yes\" data-elementor-lightbox-slideshow=\"7a2b66e\" data-elementor-lightbox-title=\"DIGITAL CAMERA\" data-e-action-hash=\"#elementor-action%3Aaction%3Dlightbox%26settings%3DeyJpZCI6MjExNCwidXJsIjoiaHR0cHM6XC9cL3d3dy5pbm5vbW91bGQuYmVcL3NpdGVcLzIwMjNcL3dwLWNvbnRlbnRcL3VwbG9hZHNcLzIwMjNcLzEwXC9QRUVLLXNlbWktZmluaXNoZWQtdHViZXMtc2NhbGVkLmpwZyIsInNsaWRlc2hvdyI6IjdhMmI2NmUifQ%3D%3D\">\n\t\t\t\t\t<div class=\"e-gallery-image elementor-gallery-item__image\" data-thumbnail=\"https:\/\/www.innomould.be\/site\/2023\/wp-content\/uploads\/2023\/10\/PEEK-semi-finished-tubes-300x194.jpg\" data-width=\"300\" data-height=\"194\" aria-label=\"\" role=\"img\" ><\/div>\n\t\t\t\t\t\t\t\t\t\t\t<div class=\"elementor-gallery-item__overlay\"><\/div>\n\t\t\t\t\t\t\t\t\t\t\t\t\t\t<\/a>\n\t\t\t\t\t<\/div>\n\t\t\t\t\t<\/div>\n\t\t\t\t<\/div>\n\t\t\t\t\t<\/div>\n\t\t<\/div>\n\t\t\t\t\t<\/div>\n\t\t<\/section>\n\t\t\t\t<\/div>\n\t\t","protected":false},"excerpt":{"rendered":"<p>PEEK PCTFE PFA PPS UHMWPE Durch eine besonders gro\u00dfe Anzahl an Formen hat InnoMould die M\u00f6glichkeit, optimale Kombinationen im Innen- und Au\u00dfendurchmesser vorzunehmen. Diese Werkzeuge wurden speziell f\u00fcr die Bearbeitung von Materialien mit hoher Druck- und Temperaturbest\u00e4ndigkeit entwickelt, wie zum Beispiel: PEEK \u2013 modifiziertes PEEK BG4330 \u2013 spezielle Compounds in PEEK Als Basis wird Victex\u00ae [&hellip;]<\/p>\n","protected":false},"author":1,"featured_media":862,"parent":1102,"menu_order":0,"comment_status":"closed","ping_status":"closed","template":"","meta":{"footnotes":""},"class_list":["post-1186","page","type-page","status-publish","has-post-thumbnail","hentry"],"yoast_head":"<!-- This site is optimized with the Yoast SEO Premium plugin v21.2 (Yoast SEO v27.4) - https:\/\/yoast.com\/product\/yoast-seo-premium-wordpress\/ -->\n<title>Halbzeuge In PEEK, PCTFE, PFA, \u2026 und mehr.<\/title>\n<meta name=\"description\" content=\"Halbzeuge In PEEK, PCTFE, PFA, \u2026 und mehr. Kontaktieren Sie uns unverbindlich und wir werden uns schnellstm\u00f6glich bei Ihnen melden.\" \/>\n<meta name=\"robots\" content=\"index, follow, max-snippet:-1, max-image-preview:large, max-video-preview:-1\" \/>\n<link rel=\"canonical\" href=\"https:\/\/www.innomould.be\/de\/produkte\/halbzeuge-peek-pctfe-pfa\/\" \/>\n<meta property=\"og:locale\" content=\"de_DE\" \/>\n<meta property=\"og:type\" content=\"article\" \/>\n<meta property=\"og:title\" content=\"Halbzeuge in Peek, PCTFE, PFA,...\" \/>\n<meta property=\"og:description\" content=\"Halbzeuge In PEEK, PCTFE, PFA, \u2026 und mehr. Kontaktieren Sie uns unverbindlich und wir werden uns schnellstm\u00f6glich bei Ihnen melden.\" \/>\n<meta property=\"og:url\" content=\"https:\/\/www.innomould.be\/de\/produkte\/halbzeuge-peek-pctfe-pfa\/\" \/>\n<meta property=\"og:site_name\" content=\"Inno-mould\" \/>\n<meta property=\"article:publisher\" content=\"https:\/\/www.facebook.com\/profile.php?id=100054263061338\" \/>\n<meta property=\"article:modified_time\" content=\"2023-11-17T13:01:44+00:00\" \/>\n<meta property=\"og:image\" content=\"https:\/\/www.innomould.be\/site\/2023\/wp-content\/uploads\/2023\/06\/im-halffrabrikaten0003.jpg\" \/>\n\t<meta property=\"og:image:width\" content=\"1024\" \/>\n\t<meta property=\"og:image:height\" content=\"683\" \/>\n\t<meta property=\"og:image:type\" content=\"image\/jpeg\" \/>\n<meta name=\"twitter:card\" content=\"summary_large_image\" \/>\n<meta name=\"twitter:label1\" content=\"Gesch\u00e4tzte Lesezeit\" \/>\n\t<meta name=\"twitter:data1\" content=\"1\u00a0Minute\" \/>\n<script type=\"application\/ld+json\" class=\"yoast-schema-graph\">{\"@context\":\"https:\\\/\\\/schema.org\",\"@graph\":[{\"@type\":\"WebPage\",\"@id\":\"https:\\\/\\\/www.innomould.be\\\/de\\\/produkte\\\/halbzeuge-peek-pctfe-pfa\\\/\",\"url\":\"https:\\\/\\\/www.innomould.be\\\/de\\\/produkte\\\/halbzeuge-peek-pctfe-pfa\\\/\",\"name\":\"Halbzeuge In PEEK, PCTFE, PFA, \u2026 und mehr.\",\"isPartOf\":{\"@id\":\"https:\\\/\\\/www.innomould.be\\\/de\\\/#website\"},\"primaryImageOfPage\":{\"@id\":\"https:\\\/\\\/www.innomould.be\\\/de\\\/produkte\\\/halbzeuge-peek-pctfe-pfa\\\/#primaryimage\"},\"image\":{\"@id\":\"https:\\\/\\\/www.innomould.be\\\/de\\\/produkte\\\/halbzeuge-peek-pctfe-pfa\\\/#primaryimage\"},\"thumbnailUrl\":\"https:\\\/\\\/www.innomould.be\\\/site\\\/2023\\\/wp-content\\\/uploads\\\/2023\\\/06\\\/im-halffrabrikaten0003.jpg\",\"datePublished\":\"2023-06-27T06:18:29+00:00\",\"dateModified\":\"2023-11-17T13:01:44+00:00\",\"description\":\"Halbzeuge In PEEK, PCTFE, PFA, \u2026 und mehr. Kontaktieren Sie uns unverbindlich und wir werden uns schnellstm\u00f6glich bei Ihnen melden.\",\"breadcrumb\":{\"@id\":\"https:\\\/\\\/www.innomould.be\\\/de\\\/produkte\\\/halbzeuge-peek-pctfe-pfa\\\/#breadcrumb\"},\"inLanguage\":\"de\",\"potentialAction\":[{\"@type\":\"ReadAction\",\"target\":[\"https:\\\/\\\/www.innomould.be\\\/de\\\/produkte\\\/halbzeuge-peek-pctfe-pfa\\\/\"]}]},{\"@type\":\"ImageObject\",\"inLanguage\":\"de\",\"@id\":\"https:\\\/\\\/www.innomould.be\\\/de\\\/produkte\\\/halbzeuge-peek-pctfe-pfa\\\/#primaryimage\",\"url\":\"https:\\\/\\\/www.innomould.be\\\/site\\\/2023\\\/wp-content\\\/uploads\\\/2023\\\/06\\\/im-halffrabrikaten0003.jpg\",\"contentUrl\":\"https:\\\/\\\/www.innomould.be\\\/site\\\/2023\\\/wp-content\\\/uploads\\\/2023\\\/06\\\/im-halffrabrikaten0003.jpg\",\"width\":1024,\"height\":683},{\"@type\":\"BreadcrumbList\",\"@id\":\"https:\\\/\\\/www.innomould.be\\\/de\\\/produkte\\\/halbzeuge-peek-pctfe-pfa\\\/#breadcrumb\",\"itemListElement\":[{\"@type\":\"ListItem\",\"position\":1,\"name\":\"Home\",\"item\":\"https:\\\/\\\/www.innomould.be\\\/de\\\/\"},{\"@type\":\"ListItem\",\"position\":2,\"name\":\"Produkte\",\"item\":\"https:\\\/\\\/www.innomould.be\\\/de\\\/producten\\\/\"},{\"@type\":\"ListItem\",\"position\":3,\"name\":\"Halbzeuge in Peek, PCTFE, PFA,&#8230;\"}]},{\"@type\":\"WebSite\",\"@id\":\"https:\\\/\\\/www.innomould.be\\\/de\\\/#website\",\"url\":\"https:\\\/\\\/www.innomould.be\\\/de\\\/\",\"name\":\"Inno-mould\",\"description\":\"Innovative Moulding Techniques\",\"publisher\":{\"@id\":\"https:\\\/\\\/www.innomould.be\\\/de\\\/#organization\"},\"potentialAction\":[{\"@type\":\"SearchAction\",\"target\":{\"@type\":\"EntryPoint\",\"urlTemplate\":\"https:\\\/\\\/www.innomould.be\\\/de\\\/?s={search_term_string}\"},\"query-input\":{\"@type\":\"PropertyValueSpecification\",\"valueRequired\":true,\"valueName\":\"search_term_string\"}}],\"inLanguage\":\"de\"},{\"@type\":\"Organization\",\"@id\":\"https:\\\/\\\/www.innomould.be\\\/de\\\/#organization\",\"name\":\"Inno-mould\",\"url\":\"https:\\\/\\\/www.innomould.be\\\/de\\\/\",\"logo\":{\"@type\":\"ImageObject\",\"inLanguage\":\"de\",\"@id\":\"https:\\\/\\\/www.innomould.be\\\/de\\\/#\\\/schema\\\/logo\\\/image\\\/\",\"url\":\"https:\\\/\\\/www.innomould.be\\\/site\\\/2023\\\/wp-content\\\/uploads\\\/2023\\\/05\\\/InnoMould-logo.png\",\"contentUrl\":\"https:\\\/\\\/www.innomould.be\\\/site\\\/2023\\\/wp-content\\\/uploads\\\/2023\\\/05\\\/InnoMould-logo.png\",\"width\":300,\"height\":268,\"caption\":\"Inno-mould\"},\"image\":{\"@id\":\"https:\\\/\\\/www.innomould.be\\\/de\\\/#\\\/schema\\\/logo\\\/image\\\/\"},\"sameAs\":[\"https:\\\/\\\/www.facebook.com\\\/profile.php?id=100054263061338\"]}]}<\/script>\n<!-- \/ Yoast SEO Premium plugin. -->","yoast_head_json":{"title":"Halbzeuge In PEEK, PCTFE, PFA, \u2026 und mehr.","description":"Halbzeuge In PEEK, PCTFE, PFA, \u2026 und mehr. Kontaktieren Sie uns unverbindlich und wir werden uns schnellstm\u00f6glich bei Ihnen melden.","robots":{"index":"index","follow":"follow","max-snippet":"max-snippet:-1","max-image-preview":"max-image-preview:large","max-video-preview":"max-video-preview:-1"},"canonical":"https:\/\/www.innomould.be\/de\/produkte\/halbzeuge-peek-pctfe-pfa\/","og_locale":"de_DE","og_type":"article","og_title":"Halbzeuge in Peek, PCTFE, PFA,...","og_description":"Halbzeuge In PEEK, PCTFE, PFA, \u2026 und mehr. Kontaktieren Sie uns unverbindlich und wir werden uns schnellstm\u00f6glich bei Ihnen melden.","og_url":"https:\/\/www.innomould.be\/de\/produkte\/halbzeuge-peek-pctfe-pfa\/","og_site_name":"Inno-mould","article_publisher":"https:\/\/www.facebook.com\/profile.php?id=100054263061338","article_modified_time":"2023-11-17T13:01:44+00:00","og_image":[{"width":1024,"height":683,"url":"https:\/\/www.innomould.be\/site\/2023\/wp-content\/uploads\/2023\/06\/im-halffrabrikaten0003.jpg","type":"image\/jpeg"}],"twitter_card":"summary_large_image","twitter_misc":{"Gesch\u00e4tzte Lesezeit":"1\u00a0Minute"},"schema":{"@context":"https:\/\/schema.org","@graph":[{"@type":"WebPage","@id":"https:\/\/www.innomould.be\/de\/produkte\/halbzeuge-peek-pctfe-pfa\/","url":"https:\/\/www.innomould.be\/de\/produkte\/halbzeuge-peek-pctfe-pfa\/","name":"Halbzeuge In PEEK, PCTFE, PFA, \u2026 und mehr.","isPartOf":{"@id":"https:\/\/www.innomould.be\/de\/#website"},"primaryImageOfPage":{"@id":"https:\/\/www.innomould.be\/de\/produkte\/halbzeuge-peek-pctfe-pfa\/#primaryimage"},"image":{"@id":"https:\/\/www.innomould.be\/de\/produkte\/halbzeuge-peek-pctfe-pfa\/#primaryimage"},"thumbnailUrl":"https:\/\/www.innomould.be\/site\/2023\/wp-content\/uploads\/2023\/06\/im-halffrabrikaten0003.jpg","datePublished":"2023-06-27T06:18:29+00:00","dateModified":"2023-11-17T13:01:44+00:00","description":"Halbzeuge In PEEK, PCTFE, PFA, \u2026 und mehr. Kontaktieren Sie uns unverbindlich und wir werden uns schnellstm\u00f6glich bei Ihnen melden.","breadcrumb":{"@id":"https:\/\/www.innomould.be\/de\/produkte\/halbzeuge-peek-pctfe-pfa\/#breadcrumb"},"inLanguage":"de","potentialAction":[{"@type":"ReadAction","target":["https:\/\/www.innomould.be\/de\/produkte\/halbzeuge-peek-pctfe-pfa\/"]}]},{"@type":"ImageObject","inLanguage":"de","@id":"https:\/\/www.innomould.be\/de\/produkte\/halbzeuge-peek-pctfe-pfa\/#primaryimage","url":"https:\/\/www.innomould.be\/site\/2023\/wp-content\/uploads\/2023\/06\/im-halffrabrikaten0003.jpg","contentUrl":"https:\/\/www.innomould.be\/site\/2023\/wp-content\/uploads\/2023\/06\/im-halffrabrikaten0003.jpg","width":1024,"height":683},{"@type":"BreadcrumbList","@id":"https:\/\/www.innomould.be\/de\/produkte\/halbzeuge-peek-pctfe-pfa\/#breadcrumb","itemListElement":[{"@type":"ListItem","position":1,"name":"Home","item":"https:\/\/www.innomould.be\/de\/"},{"@type":"ListItem","position":2,"name":"Produkte","item":"https:\/\/www.innomould.be\/de\/producten\/"},{"@type":"ListItem","position":3,"name":"Halbzeuge in Peek, PCTFE, PFA,&#8230;"}]},{"@type":"WebSite","@id":"https:\/\/www.innomould.be\/de\/#website","url":"https:\/\/www.innomould.be\/de\/","name":"Inno-mould","description":"Innovative Moulding Techniques","publisher":{"@id":"https:\/\/www.innomould.be\/de\/#organization"},"potentialAction":[{"@type":"SearchAction","target":{"@type":"EntryPoint","urlTemplate":"https:\/\/www.innomould.be\/de\/?s={search_term_string}"},"query-input":{"@type":"PropertyValueSpecification","valueRequired":true,"valueName":"search_term_string"}}],"inLanguage":"de"},{"@type":"Organization","@id":"https:\/\/www.innomould.be\/de\/#organization","name":"Inno-mould","url":"https:\/\/www.innomould.be\/de\/","logo":{"@type":"ImageObject","inLanguage":"de","@id":"https:\/\/www.innomould.be\/de\/#\/schema\/logo\/image\/","url":"https:\/\/www.innomould.be\/site\/2023\/wp-content\/uploads\/2023\/05\/InnoMould-logo.png","contentUrl":"https:\/\/www.innomould.be\/site\/2023\/wp-content\/uploads\/2023\/05\/InnoMould-logo.png","width":300,"height":268,"caption":"Inno-mould"},"image":{"@id":"https:\/\/www.innomould.be\/de\/#\/schema\/logo\/image\/"},"sameAs":["https:\/\/www.facebook.com\/profile.php?id=100054263061338"]}]}},"_links":{"self":[{"href":"https:\/\/www.innomould.be\/de\/wp-json\/wp\/v2\/pages\/1186","targetHints":{"allow":["GET"]}}],"collection":[{"href":"https:\/\/www.innomould.be\/de\/wp-json\/wp\/v2\/pages"}],"about":[{"href":"https:\/\/www.innomould.be\/de\/wp-json\/wp\/v2\/types\/page"}],"author":[{"embeddable":true,"href":"https:\/\/www.innomould.be\/de\/wp-json\/wp\/v2\/users\/1"}],"replies":[{"embeddable":true,"href":"https:\/\/www.innomould.be\/de\/wp-json\/wp\/v2\/comments?post=1186"}],"version-history":[{"count":9,"href":"https:\/\/www.innomould.be\/de\/wp-json\/wp\/v2\/pages\/1186\/revisions"}],"predecessor-version":[{"id":2123,"href":"https:\/\/www.innomould.be\/de\/wp-json\/wp\/v2\/pages\/1186\/revisions\/2123"}],"up":[{"embeddable":true,"href":"https:\/\/www.innomould.be\/de\/wp-json\/wp\/v2\/pages\/1102"}],"wp:featuredmedia":[{"embeddable":true,"href":"https:\/\/www.innomould.be\/de\/wp-json\/wp\/v2\/media\/862"}],"wp:attachment":[{"href":"https:\/\/www.innomould.be\/de\/wp-json\/wp\/v2\/media?parent=1186"}],"curies":[{"name":"wp","href":"https:\/\/api.w.org\/{rel}","templated":true}]}}