{"id":1626,"date":"2023-09-29T12:06:43","date_gmt":"2023-09-29T12:06:43","guid":{"rendered":"https:\/\/www.innomould.be\/site\/2023\/?page_id=1626"},"modified":"2024-01-25T11:40:24","modified_gmt":"2024-01-25T11:40:24","slug":"peek-dichtungen","status":"publish","type":"page","link":"https:\/\/www.innomould.be\/de\/peek-dichtungen\/","title":{"rendered":"PEEK dichtungen"},"content":{"rendered":"\t\t<div data-elementor-type=\"wp-page\" data-elementor-id=\"1626\" class=\"elementor elementor-1626\" data-elementor-post-type=\"page\">\n\t\t\t\t\t\t<section class=\"elementor-section elementor-top-section elementor-element elementor-element-39e9224 elementor-section-boxed elementor-section-height-default elementor-section-height-default\" data-id=\"39e9224\" data-element_type=\"section\" data-e-type=\"section\">\n\t\t\t\t\t\t<div class=\"elementor-container elementor-column-gap-default\">\n\t\t\t\t\t<div class=\"elementor-column elementor-col-100 elementor-top-column elementor-element elementor-element-baa72c8\" data-id=\"baa72c8\" data-element_type=\"column\" data-e-type=\"column\">\n\t\t\t<div class=\"elementor-widget-wrap elementor-element-populated\">\n\t\t\t\t\t\t<div class=\"elementor-element elementor-element-0a0eaf1 elementor-widget elementor-widget-heading\" data-id=\"0a0eaf1\" data-element_type=\"widget\" data-e-type=\"widget\" data-widget_type=\"heading.default\">\n\t\t\t\t<div class=\"elementor-widget-container\">\n\t\t\t\t\t<h2 class=\"elementor-heading-title elementor-size-default\">PEEK Dichtungen\n<\/h2>\t\t\t\t<\/div>\n\t\t\t\t<\/div>\n\t\t\t\t<div class=\"elementor-element elementor-element-292bbd3 elementor-widget elementor-widget-text-editor\" data-id=\"292bbd3\" data-element_type=\"widget\" data-e-type=\"widget\" data-widget_type=\"text-editor.default\">\n\t\t\t\t<div class=\"elementor-widget-container\">\n\t\t\t\t\t\t\t\t\tBei Inno-mould erhalten Sie verl\u00e4ssliche und strapazierf\u00e4hige Halbzeuge, wie zum Beispiel PEEK Dichtungen, die gerade auch unter anspruchsvollsten Bedingungen ihren Wert unter Beweis stellen. Bei uns k\u00f6nnen Sie sich darauf verlassen, dass ausschlie\u00dflich hochwertige Werkstoffe, wie u. a. thermoplastische Kunststoffe, von fortschrittlichen Werkzeugen zu ma\u00dfgenauen Halbzeugen gefertigt werden. Aus diesem Grund haben wir uns als inhabergef\u00fchrter Familienbetrieb einen ausgezeichneten Ruf in unterschiedlichen Branchen aufgebaut.\t\t\t\t\t\t\t\t<\/div>\n\t\t\t\t<\/div>\n\t\t\t\t<div class=\"elementor-element elementor-element-55319ce elementor-widget elementor-widget-heading\" data-id=\"55319ce\" data-element_type=\"widget\" data-e-type=\"widget\" data-widget_type=\"heading.default\">\n\t\t\t\t<div class=\"elementor-widget-container\">\n\t\t\t\t\t<h3 class=\"elementor-heading-title elementor-size-default\">PEEK Dichtungen, die unter Einsatz bei Hochtemperaturen unerl\u00e4sslich sind\n<\/h3>\t\t\t\t<\/div>\n\t\t\t\t<\/div>\n\t\t\t\t<div class=\"elementor-element elementor-element-6fe8242 elementor-widget elementor-widget-text-editor\" data-id=\"6fe8242\" data-element_type=\"widget\" data-e-type=\"widget\" data-widget_type=\"text-editor.default\">\n\t\t\t\t<div class=\"elementor-widget-container\">\n\t\t\t\t\t\t\t\t\t<p>Bei uns haben Sie die Wahl aus einer umfassenden Produktpalette an Halbzeugen, die aus PEEK, PCTFE, UHMWPE und anderen Werkstoffen beispielsweise zu Buchsen,\u00a0<a href=\"https:\/\/www.innomould.be\/de\/peek-gleitlager\/\">Gleitlagers<\/a>\u00a0und Dichtungen gefertigt werden k\u00f6nnen. In R\u00fccksprache mit Ihnen wird dabei der Werkstoff ausgew\u00e4hlt, der die besten Eigenschaften f\u00fcr den jeweiligen Anwendungsbereich aufweist. Wenn es um einen Einsatzbereich geht, in dem \u00e4u\u00dferst hohe Temperaturen herrschen, sind PEEK Dichtungen in aller Regel am besten geeignet. Schlie\u00dflich liegt der Schmelzpunkt einer PEEK Dichtung bei \u00fcber 300 \u00b0C.<\/p>\t\t\t\t\t\t\t\t<\/div>\n\t\t\t\t<\/div>\n\t\t\t\t\t<\/div>\n\t\t<\/div>\n\t\t\t\t\t<\/div>\n\t\t<\/section>\n\t\t\t\t<section class=\"elementor-section elementor-top-section elementor-element elementor-element-a519fd5 elementor-section-boxed elementor-section-height-default elementor-section-height-default\" data-id=\"a519fd5\" data-element_type=\"section\" data-e-type=\"section\" id=\"contact\">\n\t\t\t\t\t\t\t<div class=\"elementor-background-overlay\"><\/div>\n\t\t\t\t\t\t\t<div class=\"elementor-container elementor-column-gap-default\">\n\t\t\t\t\t<div class=\"elementor-column elementor-col-100 elementor-top-column elementor-element elementor-element-9e5332b\" data-id=\"9e5332b\" data-element_type=\"column\" data-e-type=\"column\">\n\t\t\t<div class=\"elementor-widget-wrap elementor-element-populated\">\n\t\t\t\t\t\t<div class=\"elementor-element elementor-element-fd619f8 elementor-widget elementor-widget-heading\" data-id=\"fd619f8\" data-element_type=\"widget\" data-e-type=\"widget\" data-widget_type=\"heading.default\">\n\t\t\t\t<div class=\"elementor-widget-container\">\n\t\t\t\t\t<h4 class=\"elementor-heading-title elementor-size-default\">Lassen Sie sich \u00fcber das geeignetste PEEK Rohr f\u00fcr Ihren Anwendungsbereich informieren\n<\/h4>\t\t\t\t<\/div>\n\t\t\t\t<\/div>\n\t\t\t\t<div class=\"elementor-element elementor-element-4068c24 elementor-widget elementor-widget-text-editor\" data-id=\"4068c24\" data-element_type=\"widget\" data-e-type=\"widget\" data-widget_type=\"text-editor.default\">\n\t\t\t\t<div class=\"elementor-widget-container\">\n\t\t\t\t\t\t\t\t\tGerne stehen wir Ihnen unter der Rufnummer\u00a0<a href=\"tel:003237553730\">+32 (0)3 \/ 755 37 30<\/a>\u00a0und per E-Mail unter\u00a0<a href=\"mailto:mario@innomould.be\">mario@innomould.be<\/a>\u00a0zur Verf\u00fcgung, wenn Sie sich zuerst einmal im Hinblick auf Dichtungen oder\u00a0<a href=\"https:\/\/www.innomould.be\/de\/produkte\/halbzeuge-peek-pctfe-pfa\/\">Halbzeuge aus Hochleistungskunststoffen<\/a>\u00a0beraten lassen m\u00f6chten. Selbstverst\u00e4ndlich k\u00f6nnen Sie jedoch auch gleich ein Angebot f\u00fcr die erforderlichen PEEK Dichtungen anfordern, die wir im\u00a0<a href=\"https:\/\/www.innomould.be\/de\/produkte\/praezision-spritzguss\/\">Pr\u00e4zisionsspritzguss<\/a>\u00a0f\u00fcr Sie genau Ihren Vorgaben entsprechend herstellen k\u00f6nnen.\n\t\t\t\t\t\t\t\t<\/div>\n\t\t\t\t<\/div>\n\t\t\t\t<div class=\"elementor-element elementor-element-62279fb elementor-widget elementor-widget-button\" data-id=\"62279fb\" data-element_type=\"widget\" data-e-type=\"widget\" data-widget_type=\"button.default\">\n\t\t\t\t<div class=\"elementor-widget-container\">\n\t\t\t\t\t\t\t\t\t<div class=\"elementor-button-wrapper\">\n\t\t\t\t\t<a class=\"elementor-button elementor-button-link elementor-size-sm\" href=\"https:\/\/www.innomould.be\/de\/kontakt\/\">\n\t\t\t\t\t\t<span class=\"elementor-button-content-wrapper\">\n\t\t\t\t\t\t\t\t\t<span class=\"elementor-button-text\">Kontakt<\/span>\n\t\t\t\t\t<\/span>\n\t\t\t\t\t<\/a>\n\t\t\t\t<\/div>\n\t\t\t\t\t\t\t\t<\/div>\n\t\t\t\t<\/div>\n\t\t\t\t\t<\/div>\n\t\t<\/div>\n\t\t\t\t\t<\/div>\n\t\t<\/section>\n\t\t\t\t<\/div>\n\t\t","protected":false},"excerpt":{"rendered":"<p>PEEK Dichtungen Bei Inno-mould erhalten Sie verl\u00e4ssliche und strapazierf\u00e4hige Halbzeuge, wie zum Beispiel PEEK Dichtungen, die gerade auch unter anspruchsvollsten Bedingungen ihren Wert unter Beweis stellen. Bei uns k\u00f6nnen Sie sich darauf verlassen, dass ausschlie\u00dflich hochwertige Werkstoffe, wie u. a. thermoplastische Kunststoffe, von fortschrittlichen Werkzeugen zu ma\u00dfgenauen Halbzeugen gefertigt werden. Aus diesem Grund haben wir [&hellip;]<\/p>\n","protected":false},"author":1,"featured_media":940,"parent":0,"menu_order":0,"comment_status":"closed","ping_status":"closed","template":"","meta":{"footnotes":""},"class_list":["post-1626","page","type-page","status-publish","has-post-thumbnail","hentry"],"yoast_head":"<!-- This site is optimized with the Yoast SEO Premium plugin v21.2 (Yoast SEO v27.3) - https:\/\/yoast.com\/product\/yoast-seo-premium-wordpress\/ -->\n<title>PEEK dichtungen - Inno-mould<\/title>\n<meta name=\"description\" content=\"PEEK dichtungen - Aufgrund seiner einzigartigen Eigenschaften ist PEEK ein Hochleistungskunststoff. Kontaktieren Sie uns noch heute.\" \/>\n<meta name=\"robots\" content=\"index, follow, max-snippet:-1, max-image-preview:large, max-video-preview:-1\" \/>\n<link rel=\"canonical\" href=\"https:\/\/www.innomould.be\/de\/peek-dichtungen\/\" \/>\n<meta property=\"og:locale\" content=\"de_DE\" \/>\n<meta property=\"og:type\" content=\"article\" \/>\n<meta property=\"og:title\" content=\"PEEK dichtungen\" \/>\n<meta property=\"og:description\" content=\"PEEK dichtungen - Aufgrund seiner einzigartigen Eigenschaften ist PEEK ein Hochleistungskunststoff. Kontaktieren Sie uns noch heute.\" \/>\n<meta property=\"og:url\" content=\"https:\/\/www.innomould.be\/de\/peek-dichtungen\/\" \/>\n<meta property=\"og:site_name\" content=\"Inno-mould\" \/>\n<meta property=\"article:publisher\" content=\"https:\/\/www.facebook.com\/profile.php?id=100054263061338\" \/>\n<meta property=\"article:modified_time\" content=\"2024-01-25T11:40:24+00:00\" \/>\n<meta property=\"og:image\" content=\"https:\/\/www.innomould.be\/site\/2023\/wp-content\/uploads\/2023\/06\/im-thermoharder0005.jpg\" \/>\n\t<meta property=\"og:image:width\" content=\"1024\" \/>\n\t<meta property=\"og:image:height\" content=\"683\" \/>\n\t<meta property=\"og:image:type\" content=\"image\/jpeg\" \/>\n<meta name=\"twitter:card\" content=\"summary_large_image\" \/>\n<meta name=\"twitter:label1\" content=\"Gesch\u00e4tzte Lesezeit\" \/>\n\t<meta name=\"twitter:data1\" content=\"2\u00a0Minuten\" \/>\n<script type=\"application\/ld+json\" class=\"yoast-schema-graph\">{\"@context\":\"https:\\\/\\\/schema.org\",\"@graph\":[{\"@type\":\"WebPage\",\"@id\":\"https:\\\/\\\/www.innomould.be\\\/de\\\/peek-dichtungen\\\/\",\"url\":\"https:\\\/\\\/www.innomould.be\\\/de\\\/peek-dichtungen\\\/\",\"name\":\"PEEK dichtungen - Inno-mould\",\"isPartOf\":{\"@id\":\"https:\\\/\\\/www.innomould.be\\\/de\\\/#website\"},\"primaryImageOfPage\":{\"@id\":\"https:\\\/\\\/www.innomould.be\\\/de\\\/peek-dichtungen\\\/#primaryimage\"},\"image\":{\"@id\":\"https:\\\/\\\/www.innomould.be\\\/de\\\/peek-dichtungen\\\/#primaryimage\"},\"thumbnailUrl\":\"https:\\\/\\\/www.innomould.be\\\/site\\\/2023\\\/wp-content\\\/uploads\\\/2023\\\/06\\\/im-thermoharder0005.jpg\",\"datePublished\":\"2023-09-29T12:06:43+00:00\",\"dateModified\":\"2024-01-25T11:40:24+00:00\",\"description\":\"PEEK dichtungen - Aufgrund seiner einzigartigen Eigenschaften ist PEEK ein Hochleistungskunststoff. Kontaktieren Sie uns noch heute.\",\"breadcrumb\":{\"@id\":\"https:\\\/\\\/www.innomould.be\\\/de\\\/peek-dichtungen\\\/#breadcrumb\"},\"inLanguage\":\"de\",\"potentialAction\":[{\"@type\":\"ReadAction\",\"target\":[\"https:\\\/\\\/www.innomould.be\\\/de\\\/peek-dichtungen\\\/\"]}]},{\"@type\":\"ImageObject\",\"inLanguage\":\"de\",\"@id\":\"https:\\\/\\\/www.innomould.be\\\/de\\\/peek-dichtungen\\\/#primaryimage\",\"url\":\"https:\\\/\\\/www.innomould.be\\\/site\\\/2023\\\/wp-content\\\/uploads\\\/2023\\\/06\\\/im-thermoharder0005.jpg\",\"contentUrl\":\"https:\\\/\\\/www.innomould.be\\\/site\\\/2023\\\/wp-content\\\/uploads\\\/2023\\\/06\\\/im-thermoharder0005.jpg\",\"width\":1024,\"height\":683},{\"@type\":\"BreadcrumbList\",\"@id\":\"https:\\\/\\\/www.innomould.be\\\/de\\\/peek-dichtungen\\\/#breadcrumb\",\"itemListElement\":[{\"@type\":\"ListItem\",\"position\":1,\"name\":\"Home\",\"item\":\"https:\\\/\\\/www.innomould.be\\\/de\\\/\"},{\"@type\":\"ListItem\",\"position\":2,\"name\":\"PEEK dichtungen\"}]},{\"@type\":\"WebSite\",\"@id\":\"https:\\\/\\\/www.innomould.be\\\/de\\\/#website\",\"url\":\"https:\\\/\\\/www.innomould.be\\\/de\\\/\",\"name\":\"Inno-mould\",\"description\":\"Innovative Moulding Techniques\",\"publisher\":{\"@id\":\"https:\\\/\\\/www.innomould.be\\\/de\\\/#organization\"},\"potentialAction\":[{\"@type\":\"SearchAction\",\"target\":{\"@type\":\"EntryPoint\",\"urlTemplate\":\"https:\\\/\\\/www.innomould.be\\\/de\\\/?s={search_term_string}\"},\"query-input\":{\"@type\":\"PropertyValueSpecification\",\"valueRequired\":true,\"valueName\":\"search_term_string\"}}],\"inLanguage\":\"de\"},{\"@type\":\"Organization\",\"@id\":\"https:\\\/\\\/www.innomould.be\\\/de\\\/#organization\",\"name\":\"Inno-mould\",\"url\":\"https:\\\/\\\/www.innomould.be\\\/de\\\/\",\"logo\":{\"@type\":\"ImageObject\",\"inLanguage\":\"de\",\"@id\":\"https:\\\/\\\/www.innomould.be\\\/de\\\/#\\\/schema\\\/logo\\\/image\\\/\",\"url\":\"https:\\\/\\\/www.innomould.be\\\/site\\\/2023\\\/wp-content\\\/uploads\\\/2023\\\/05\\\/InnoMould-logo.png\",\"contentUrl\":\"https:\\\/\\\/www.innomould.be\\\/site\\\/2023\\\/wp-content\\\/uploads\\\/2023\\\/05\\\/InnoMould-logo.png\",\"width\":300,\"height\":268,\"caption\":\"Inno-mould\"},\"image\":{\"@id\":\"https:\\\/\\\/www.innomould.be\\\/de\\\/#\\\/schema\\\/logo\\\/image\\\/\"},\"sameAs\":[\"https:\\\/\\\/www.facebook.com\\\/profile.php?id=100054263061338\"]}]}<\/script>\n<!-- \/ Yoast SEO Premium plugin. -->","yoast_head_json":{"title":"PEEK dichtungen - Inno-mould","description":"PEEK dichtungen - Aufgrund seiner einzigartigen Eigenschaften ist PEEK ein Hochleistungskunststoff. Kontaktieren Sie uns noch heute.","robots":{"index":"index","follow":"follow","max-snippet":"max-snippet:-1","max-image-preview":"max-image-preview:large","max-video-preview":"max-video-preview:-1"},"canonical":"https:\/\/www.innomould.be\/de\/peek-dichtungen\/","og_locale":"de_DE","og_type":"article","og_title":"PEEK dichtungen","og_description":"PEEK dichtungen - Aufgrund seiner einzigartigen Eigenschaften ist PEEK ein Hochleistungskunststoff. Kontaktieren Sie uns noch heute.","og_url":"https:\/\/www.innomould.be\/de\/peek-dichtungen\/","og_site_name":"Inno-mould","article_publisher":"https:\/\/www.facebook.com\/profile.php?id=100054263061338","article_modified_time":"2024-01-25T11:40:24+00:00","og_image":[{"width":1024,"height":683,"url":"https:\/\/www.innomould.be\/site\/2023\/wp-content\/uploads\/2023\/06\/im-thermoharder0005.jpg","type":"image\/jpeg"}],"twitter_card":"summary_large_image","twitter_misc":{"Gesch\u00e4tzte Lesezeit":"2\u00a0Minuten"},"schema":{"@context":"https:\/\/schema.org","@graph":[{"@type":"WebPage","@id":"https:\/\/www.innomould.be\/de\/peek-dichtungen\/","url":"https:\/\/www.innomould.be\/de\/peek-dichtungen\/","name":"PEEK dichtungen - Inno-mould","isPartOf":{"@id":"https:\/\/www.innomould.be\/de\/#website"},"primaryImageOfPage":{"@id":"https:\/\/www.innomould.be\/de\/peek-dichtungen\/#primaryimage"},"image":{"@id":"https:\/\/www.innomould.be\/de\/peek-dichtungen\/#primaryimage"},"thumbnailUrl":"https:\/\/www.innomould.be\/site\/2023\/wp-content\/uploads\/2023\/06\/im-thermoharder0005.jpg","datePublished":"2023-09-29T12:06:43+00:00","dateModified":"2024-01-25T11:40:24+00:00","description":"PEEK dichtungen - Aufgrund seiner einzigartigen Eigenschaften ist PEEK ein Hochleistungskunststoff. Kontaktieren Sie uns noch heute.","breadcrumb":{"@id":"https:\/\/www.innomould.be\/de\/peek-dichtungen\/#breadcrumb"},"inLanguage":"de","potentialAction":[{"@type":"ReadAction","target":["https:\/\/www.innomould.be\/de\/peek-dichtungen\/"]}]},{"@type":"ImageObject","inLanguage":"de","@id":"https:\/\/www.innomould.be\/de\/peek-dichtungen\/#primaryimage","url":"https:\/\/www.innomould.be\/site\/2023\/wp-content\/uploads\/2023\/06\/im-thermoharder0005.jpg","contentUrl":"https:\/\/www.innomould.be\/site\/2023\/wp-content\/uploads\/2023\/06\/im-thermoharder0005.jpg","width":1024,"height":683},{"@type":"BreadcrumbList","@id":"https:\/\/www.innomould.be\/de\/peek-dichtungen\/#breadcrumb","itemListElement":[{"@type":"ListItem","position":1,"name":"Home","item":"https:\/\/www.innomould.be\/de\/"},{"@type":"ListItem","position":2,"name":"PEEK dichtungen"}]},{"@type":"WebSite","@id":"https:\/\/www.innomould.be\/de\/#website","url":"https:\/\/www.innomould.be\/de\/","name":"Inno-mould","description":"Innovative Moulding Techniques","publisher":{"@id":"https:\/\/www.innomould.be\/de\/#organization"},"potentialAction":[{"@type":"SearchAction","target":{"@type":"EntryPoint","urlTemplate":"https:\/\/www.innomould.be\/de\/?s={search_term_string}"},"query-input":{"@type":"PropertyValueSpecification","valueRequired":true,"valueName":"search_term_string"}}],"inLanguage":"de"},{"@type":"Organization","@id":"https:\/\/www.innomould.be\/de\/#organization","name":"Inno-mould","url":"https:\/\/www.innomould.be\/de\/","logo":{"@type":"ImageObject","inLanguage":"de","@id":"https:\/\/www.innomould.be\/de\/#\/schema\/logo\/image\/","url":"https:\/\/www.innomould.be\/site\/2023\/wp-content\/uploads\/2023\/05\/InnoMould-logo.png","contentUrl":"https:\/\/www.innomould.be\/site\/2023\/wp-content\/uploads\/2023\/05\/InnoMould-logo.png","width":300,"height":268,"caption":"Inno-mould"},"image":{"@id":"https:\/\/www.innomould.be\/de\/#\/schema\/logo\/image\/"},"sameAs":["https:\/\/www.facebook.com\/profile.php?id=100054263061338"]}]}},"_links":{"self":[{"href":"https:\/\/www.innomould.be\/de\/wp-json\/wp\/v2\/pages\/1626","targetHints":{"allow":["GET"]}}],"collection":[{"href":"https:\/\/www.innomould.be\/de\/wp-json\/wp\/v2\/pages"}],"about":[{"href":"https:\/\/www.innomould.be\/de\/wp-json\/wp\/v2\/types\/page"}],"author":[{"embeddable":true,"href":"https:\/\/www.innomould.be\/de\/wp-json\/wp\/v2\/users\/1"}],"replies":[{"embeddable":true,"href":"https:\/\/www.innomould.be\/de\/wp-json\/wp\/v2\/comments?post=1626"}],"version-history":[{"count":7,"href":"https:\/\/www.innomould.be\/de\/wp-json\/wp\/v2\/pages\/1626\/revisions"}],"predecessor-version":[{"id":1928,"href":"https:\/\/www.innomould.be\/de\/wp-json\/wp\/v2\/pages\/1626\/revisions\/1928"}],"wp:featuredmedia":[{"embeddable":true,"href":"https:\/\/www.innomould.be\/de\/wp-json\/wp\/v2\/media\/940"}],"wp:attachment":[{"href":"https:\/\/www.innomould.be\/de\/wp-json\/wp\/v2\/media?parent=1626"}],"curies":[{"name":"wp","href":"https:\/\/api.w.org\/{rel}","templated":true}]}}