{"id":1629,"date":"2023-09-29T12:07:19","date_gmt":"2023-09-29T12:07:19","guid":{"rendered":"https:\/\/www.innomould.be\/site\/2023\/?page_id=1629"},"modified":"2023-10-01T08:29:21","modified_gmt":"2023-10-01T08:29:21","slug":"ptfe-autolock-dichtung","status":"publish","type":"page","link":"https:\/\/www.innomould.be\/de\/ptfe-autolock-dichtung\/","title":{"rendered":"PTFE autolock dichtung"},"content":{"rendered":"\t\t<div data-elementor-type=\"wp-page\" data-elementor-id=\"1629\" class=\"elementor elementor-1629\" data-elementor-post-type=\"page\">\n\t\t\t\t\t\t<section class=\"elementor-section elementor-top-section elementor-element elementor-element-39e9224 elementor-section-boxed elementor-section-height-default elementor-section-height-default\" data-id=\"39e9224\" data-element_type=\"section\" data-e-type=\"section\">\n\t\t\t\t\t\t<div class=\"elementor-container elementor-column-gap-default\">\n\t\t\t\t\t<div class=\"elementor-column elementor-col-100 elementor-top-column elementor-element elementor-element-baa72c8\" data-id=\"baa72c8\" data-element_type=\"column\" data-e-type=\"column\">\n\t\t\t<div class=\"elementor-widget-wrap elementor-element-populated\">\n\t\t\t\t\t\t<div class=\"elementor-element elementor-element-0a0eaf1 elementor-widget elementor-widget-heading\" data-id=\"0a0eaf1\" data-element_type=\"widget\" data-e-type=\"widget\" data-widget_type=\"heading.default\">\n\t\t\t\t<div class=\"elementor-widget-container\">\n\t\t\t\t\t<h2 class=\"elementor-heading-title elementor-size-default\">PTFE Autolock Dichtung\n<\/h2>\t\t\t\t<\/div>\n\t\t\t\t<\/div>\n\t\t\t\t<div class=\"elementor-element elementor-element-292bbd3 elementor-widget elementor-widget-text-editor\" data-id=\"292bbd3\" data-element_type=\"widget\" data-e-type=\"widget\" data-widget_type=\"text-editor.default\">\n\t\t\t\t<div class=\"elementor-widget-container\">\n\t\t\t\t\t\t\t\t\tEine PTFE Autolock oder Kamlok Dichtung stellt eine ausgesprochen zuverl\u00e4ssige und belastbare Schlauchverbindung dar. Bei dem inhaberf\u00fchrten belgischen Herstellungsbetrieb Inno-mould erhalten Sie die gesuchten Dichtungen aus Polytetrafluorethylen, das sich durch seine nahezu umfassende Chemikalienbest\u00e4ndigkeit auszeichnet. Au\u00dferdem ist PTFE sehr temperaturbest\u00e4ndig. Deshalb k\u00f6nnen PTFE Autolock und Kamlok Dichtungen in einem Temperaturbereich von 250 \u00b0C bis +260 \u00b0C eingesetzt werden. Damit er\u00f6ffnen sich vielf\u00e4ltige Anwendungsm\u00f6glichkeiten.\n\t\t\t\t\t\t\t\t<\/div>\n\t\t\t\t<\/div>\n\t\t\t\t<div class=\"elementor-element elementor-element-55319ce elementor-widget elementor-widget-heading\" data-id=\"55319ce\" data-element_type=\"widget\" data-e-type=\"widget\" data-widget_type=\"heading.default\">\n\t\t\t\t<div class=\"elementor-widget-container\">\n\t\t\t\t\t<h3 class=\"elementor-heading-title elementor-size-default\">PTFE Autolock oder Kamlok Dichtung ist auch zum Einsatz in der Lebensmittelindustrie geeignet\n<\/h3>\t\t\t\t<\/div>\n\t\t\t\t<\/div>\n\t\t\t\t<div class=\"elementor-element elementor-element-6fe8242 elementor-widget elementor-widget-text-editor\" data-id=\"6fe8242\" data-element_type=\"widget\" data-e-type=\"widget\" data-widget_type=\"text-editor.default\">\n\t\t\t\t<div class=\"elementor-widget-container\">\n\t\t\t\t\t\t\t\t\t<p>Bekannterma\u00dfen gelten in der Nahrungsindustrie besonders hohe Anforderungen zur Gew\u00e4hrleistung der Lebensmittelsicherheit. Reines PFTE ist dahingehend unbedenklich und darf deshalb im Lebensmittelbereich eingesetzt werden. Die erh\u00e4ltliche Produktpalette an\u00a0<a href=\"https:\/\/www.innomould.be\/de\/produkte\/halbzeuge-peek-pctfe-pfa\/\">Halbzeugen aus \u00e4u\u00dferst best\u00e4ndigen Werkstoffen<\/a>\u00a0beschr\u00e4nkt sich bei Inno-mould jedoch nicht auf eine PTFE Autolock oder\u00a0<a href=\"https:\/\/www.innomould.be\/de\/mfkm-kamlok\/\">Kamlok Dichtung<\/a>\u00a0nach Ma\u00df. Dar\u00fcber hinaus k\u00f6nnen wir Ihnen eine ganze Reihe von Produkten, wie u.a. Lager aus PEEK zur Verf\u00fcgung stellen. Im Hinblick auf\u00a0<a href=\"https:\/\/www.innomould.be\/de\/peek-dichtungen\/\">Dichtungen<\/a>\u00a0k\u00f6nnen Sie sich zum Beispiel auch f\u00fcr den Hochleistungskunststoff MFPM entscheiden, wenn eine besonders hohe L\u00f6semittelbest\u00e4ndigkeit erforderlich ist.<\/p>\t\t\t\t\t\t\t\t<\/div>\n\t\t\t\t<\/div>\n\t\t\t\t\t<\/div>\n\t\t<\/div>\n\t\t\t\t\t<\/div>\n\t\t<\/section>\n\t\t\t\t<section class=\"elementor-section elementor-top-section elementor-element elementor-element-a519fd5 elementor-section-boxed elementor-section-height-default elementor-section-height-default\" data-id=\"a519fd5\" data-element_type=\"section\" data-e-type=\"section\" id=\"contact\">\n\t\t\t\t\t\t\t<div class=\"elementor-background-overlay\"><\/div>\n\t\t\t\t\t\t\t<div class=\"elementor-container elementor-column-gap-default\">\n\t\t\t\t\t<div class=\"elementor-column elementor-col-100 elementor-top-column elementor-element elementor-element-9e5332b\" data-id=\"9e5332b\" data-element_type=\"column\" data-e-type=\"column\">\n\t\t\t<div class=\"elementor-widget-wrap elementor-element-populated\">\n\t\t\t\t\t\t<div class=\"elementor-element elementor-element-fd619f8 elementor-widget elementor-widget-heading\" data-id=\"fd619f8\" data-element_type=\"widget\" data-e-type=\"widget\" data-widget_type=\"heading.default\">\n\t\t\t\t<div class=\"elementor-widget-container\">\n\t\t\t\t\t<h4 class=\"elementor-heading-title elementor-size-default\">Erkundigen Sie sich nach verl\u00e4sslichen Dichtungen aus hochbest\u00e4ndigen Werkstoffen\n<\/h4>\t\t\t\t<\/div>\n\t\t\t\t<\/div>\n\t\t\t\t<div class=\"elementor-element elementor-element-4068c24 elementor-widget elementor-widget-text-editor\" data-id=\"4068c24\" data-element_type=\"widget\" data-e-type=\"widget\" data-widget_type=\"text-editor.default\">\n\t\t\t\t<div class=\"elementor-widget-container\">\n\t\t\t\t\t\t\t\t\tRufen Sie uns unter\u00a0<a href=\"tel:003237553730\">+32 (0)3 \/ 755 37 30<\/a>\u00a0an oder senden Sie uns eine E-Mail-Nachricht unter\u00a0<a href=\"mailto:mario@innomould.be\">mario@innomould.be<\/a>\u00a0und legen Sie uns Ihren spezifischen Anwendungsbereich vor. Neben einer hohen Produktqualit\u00e4t der bei Inno-mould gefertigten Dichtungen, Lager sowie anderer Fertigteile und auch Halbzeuge k\u00f6nnen Sie sich bei uns auch auf eine fachkundige Beratung verlassen. Das geh\u00f6rt f\u00fcr uns, als\u00a0<a href=\"https:\/\/www.innomould.be\/de\/\">inhabergef\u00fchrter Herstellungsbetrieb<\/a>, ganz selbstverst\u00e4ndlich zu unserem Leistungsangebot. Wenn Sie Ihre Entscheidung jedoch bereits getroffen haben, k\u00f6nnen Sie nat\u00fcrlich auch gleich ein Angebot f\u00fcr die gew\u00fcnschte PTFE Autolock bzw. Kamlok Dichtung anfordern.\t\t\t\t\t\t\t\t<\/div>\n\t\t\t\t<\/div>\n\t\t\t\t<div class=\"elementor-element elementor-element-62279fb elementor-widget elementor-widget-button\" data-id=\"62279fb\" data-element_type=\"widget\" data-e-type=\"widget\" data-widget_type=\"button.default\">\n\t\t\t\t<div class=\"elementor-widget-container\">\n\t\t\t\t\t\t\t\t\t<div class=\"elementor-button-wrapper\">\n\t\t\t\t\t<a class=\"elementor-button elementor-button-link elementor-size-sm\" href=\"https:\/\/www.innomould.be\/de\/kontakt\/\">\n\t\t\t\t\t\t<span class=\"elementor-button-content-wrapper\">\n\t\t\t\t\t\t\t\t\t<span class=\"elementor-button-text\">Kontakt<\/span>\n\t\t\t\t\t<\/span>\n\t\t\t\t\t<\/a>\n\t\t\t\t<\/div>\n\t\t\t\t\t\t\t\t<\/div>\n\t\t\t\t<\/div>\n\t\t\t\t\t<\/div>\n\t\t<\/div>\n\t\t\t\t\t<\/div>\n\t\t<\/section>\n\t\t\t\t<\/div>\n\t\t","protected":false},"excerpt":{"rendered":"<p>PTFE Autolock Dichtung Eine PTFE Autolock oder Kamlok Dichtung stellt eine ausgesprochen zuverl\u00e4ssige und belastbare Schlauchverbindung dar. Bei dem inhaberf\u00fchrten belgischen Herstellungsbetrieb Inno-mould erhalten Sie die gesuchten Dichtungen aus Polytetrafluorethylen, das sich durch seine nahezu umfassende Chemikalienbest\u00e4ndigkeit auszeichnet. Au\u00dferdem ist PTFE sehr temperaturbest\u00e4ndig. Deshalb k\u00f6nnen PTFE Autolock und Kamlok Dichtungen in einem Temperaturbereich von 250 [&hellip;]<\/p>\n","protected":false},"author":1,"featured_media":940,"parent":0,"menu_order":0,"comment_status":"closed","ping_status":"closed","template":"","meta":{"footnotes":""},"class_list":["post-1629","page","type-page","status-publish","has-post-thumbnail","hentry"],"yoast_head":"<!-- This site is optimized with the Yoast SEO Premium plugin v21.2 (Yoast SEO v27.3) - https:\/\/yoast.com\/product\/yoast-seo-premium-wordpress\/ -->\n<title>PTFE autolock dichtung - Inno-mould<\/title>\n<meta name=\"robots\" content=\"index, follow, max-snippet:-1, max-image-preview:large, max-video-preview:-1\" \/>\n<link rel=\"canonical\" href=\"https:\/\/www.innomould.be\/de\/ptfe-autolock-dichtung\/\" \/>\n<meta property=\"og:locale\" content=\"de_DE\" \/>\n<meta property=\"og:type\" content=\"article\" \/>\n<meta property=\"og:title\" content=\"PTFE autolock dichtung\" \/>\n<meta property=\"og:description\" content=\"PTFE Autolock Dichtung Eine PTFE Autolock oder Kamlok Dichtung stellt eine ausgesprochen zuverl\u00e4ssige und belastbare Schlauchverbindung dar. Bei dem inhaberf\u00fchrten belgischen Herstellungsbetrieb Inno-mould erhalten Sie die gesuchten Dichtungen aus Polytetrafluorethylen, das sich durch seine nahezu umfassende Chemikalienbest\u00e4ndigkeit auszeichnet. Au\u00dferdem ist PTFE sehr temperaturbest\u00e4ndig. Deshalb k\u00f6nnen PTFE Autolock und Kamlok Dichtungen in einem Temperaturbereich von 250 [&hellip;]\" \/>\n<meta property=\"og:url\" content=\"https:\/\/www.innomould.be\/de\/ptfe-autolock-dichtung\/\" \/>\n<meta property=\"og:site_name\" content=\"Inno-mould\" \/>\n<meta property=\"article:publisher\" content=\"https:\/\/www.facebook.com\/profile.php?id=100054263061338\" \/>\n<meta property=\"article:modified_time\" content=\"2023-10-01T08:29:21+00:00\" \/>\n<meta property=\"og:image\" content=\"https:\/\/www.innomould.be\/site\/2023\/wp-content\/uploads\/2023\/06\/im-thermoharder0005.jpg\" \/>\n\t<meta property=\"og:image:width\" content=\"1024\" \/>\n\t<meta property=\"og:image:height\" content=\"683\" \/>\n\t<meta property=\"og:image:type\" content=\"image\/jpeg\" \/>\n<meta name=\"twitter:card\" content=\"summary_large_image\" \/>\n<meta name=\"twitter:label1\" content=\"Gesch\u00e4tzte Lesezeit\" \/>\n\t<meta name=\"twitter:data1\" content=\"2\u00a0Minuten\" \/>\n<script type=\"application\/ld+json\" class=\"yoast-schema-graph\">{\"@context\":\"https:\\\/\\\/schema.org\",\"@graph\":[{\"@type\":\"WebPage\",\"@id\":\"https:\\\/\\\/www.innomould.be\\\/de\\\/ptfe-autolock-dichtung\\\/\",\"url\":\"https:\\\/\\\/www.innomould.be\\\/de\\\/ptfe-autolock-dichtung\\\/\",\"name\":\"PTFE autolock dichtung - Inno-mould\",\"isPartOf\":{\"@id\":\"https:\\\/\\\/www.innomould.be\\\/de\\\/#website\"},\"primaryImageOfPage\":{\"@id\":\"https:\\\/\\\/www.innomould.be\\\/de\\\/ptfe-autolock-dichtung\\\/#primaryimage\"},\"image\":{\"@id\":\"https:\\\/\\\/www.innomould.be\\\/de\\\/ptfe-autolock-dichtung\\\/#primaryimage\"},\"thumbnailUrl\":\"https:\\\/\\\/www.innomould.be\\\/site\\\/2023\\\/wp-content\\\/uploads\\\/2023\\\/06\\\/im-thermoharder0005.jpg\",\"datePublished\":\"2023-09-29T12:07:19+00:00\",\"dateModified\":\"2023-10-01T08:29:21+00:00\",\"breadcrumb\":{\"@id\":\"https:\\\/\\\/www.innomould.be\\\/de\\\/ptfe-autolock-dichtung\\\/#breadcrumb\"},\"inLanguage\":\"de\",\"potentialAction\":[{\"@type\":\"ReadAction\",\"target\":[\"https:\\\/\\\/www.innomould.be\\\/de\\\/ptfe-autolock-dichtung\\\/\"]}]},{\"@type\":\"ImageObject\",\"inLanguage\":\"de\",\"@id\":\"https:\\\/\\\/www.innomould.be\\\/de\\\/ptfe-autolock-dichtung\\\/#primaryimage\",\"url\":\"https:\\\/\\\/www.innomould.be\\\/site\\\/2023\\\/wp-content\\\/uploads\\\/2023\\\/06\\\/im-thermoharder0005.jpg\",\"contentUrl\":\"https:\\\/\\\/www.innomould.be\\\/site\\\/2023\\\/wp-content\\\/uploads\\\/2023\\\/06\\\/im-thermoharder0005.jpg\",\"width\":1024,\"height\":683},{\"@type\":\"BreadcrumbList\",\"@id\":\"https:\\\/\\\/www.innomould.be\\\/de\\\/ptfe-autolock-dichtung\\\/#breadcrumb\",\"itemListElement\":[{\"@type\":\"ListItem\",\"position\":1,\"name\":\"Home\",\"item\":\"https:\\\/\\\/www.innomould.be\\\/de\\\/\"},{\"@type\":\"ListItem\",\"position\":2,\"name\":\"PTFE autolock dichtung\"}]},{\"@type\":\"WebSite\",\"@id\":\"https:\\\/\\\/www.innomould.be\\\/de\\\/#website\",\"url\":\"https:\\\/\\\/www.innomould.be\\\/de\\\/\",\"name\":\"Inno-mould\",\"description\":\"Innovative Moulding Techniques\",\"publisher\":{\"@id\":\"https:\\\/\\\/www.innomould.be\\\/de\\\/#organization\"},\"potentialAction\":[{\"@type\":\"SearchAction\",\"target\":{\"@type\":\"EntryPoint\",\"urlTemplate\":\"https:\\\/\\\/www.innomould.be\\\/de\\\/?s={search_term_string}\"},\"query-input\":{\"@type\":\"PropertyValueSpecification\",\"valueRequired\":true,\"valueName\":\"search_term_string\"}}],\"inLanguage\":\"de\"},{\"@type\":\"Organization\",\"@id\":\"https:\\\/\\\/www.innomould.be\\\/de\\\/#organization\",\"name\":\"Inno-mould\",\"url\":\"https:\\\/\\\/www.innomould.be\\\/de\\\/\",\"logo\":{\"@type\":\"ImageObject\",\"inLanguage\":\"de\",\"@id\":\"https:\\\/\\\/www.innomould.be\\\/de\\\/#\\\/schema\\\/logo\\\/image\\\/\",\"url\":\"https:\\\/\\\/www.innomould.be\\\/site\\\/2023\\\/wp-content\\\/uploads\\\/2023\\\/05\\\/InnoMould-logo.png\",\"contentUrl\":\"https:\\\/\\\/www.innomould.be\\\/site\\\/2023\\\/wp-content\\\/uploads\\\/2023\\\/05\\\/InnoMould-logo.png\",\"width\":300,\"height\":268,\"caption\":\"Inno-mould\"},\"image\":{\"@id\":\"https:\\\/\\\/www.innomould.be\\\/de\\\/#\\\/schema\\\/logo\\\/image\\\/\"},\"sameAs\":[\"https:\\\/\\\/www.facebook.com\\\/profile.php?id=100054263061338\"]}]}<\/script>\n<!-- \/ Yoast SEO Premium plugin. -->","yoast_head_json":{"title":"PTFE autolock dichtung - Inno-mould","robots":{"index":"index","follow":"follow","max-snippet":"max-snippet:-1","max-image-preview":"max-image-preview:large","max-video-preview":"max-video-preview:-1"},"canonical":"https:\/\/www.innomould.be\/de\/ptfe-autolock-dichtung\/","og_locale":"de_DE","og_type":"article","og_title":"PTFE autolock dichtung","og_description":"PTFE Autolock Dichtung Eine PTFE Autolock oder Kamlok Dichtung stellt eine ausgesprochen zuverl\u00e4ssige und belastbare Schlauchverbindung dar. Bei dem inhaberf\u00fchrten belgischen Herstellungsbetrieb Inno-mould erhalten Sie die gesuchten Dichtungen aus Polytetrafluorethylen, das sich durch seine nahezu umfassende Chemikalienbest\u00e4ndigkeit auszeichnet. Au\u00dferdem ist PTFE sehr temperaturbest\u00e4ndig. Deshalb k\u00f6nnen PTFE Autolock und Kamlok Dichtungen in einem Temperaturbereich von 250 [&hellip;]","og_url":"https:\/\/www.innomould.be\/de\/ptfe-autolock-dichtung\/","og_site_name":"Inno-mould","article_publisher":"https:\/\/www.facebook.com\/profile.php?id=100054263061338","article_modified_time":"2023-10-01T08:29:21+00:00","og_image":[{"width":1024,"height":683,"url":"https:\/\/www.innomould.be\/site\/2023\/wp-content\/uploads\/2023\/06\/im-thermoharder0005.jpg","type":"image\/jpeg"}],"twitter_card":"summary_large_image","twitter_misc":{"Gesch\u00e4tzte Lesezeit":"2\u00a0Minuten"},"schema":{"@context":"https:\/\/schema.org","@graph":[{"@type":"WebPage","@id":"https:\/\/www.innomould.be\/de\/ptfe-autolock-dichtung\/","url":"https:\/\/www.innomould.be\/de\/ptfe-autolock-dichtung\/","name":"PTFE autolock dichtung - Inno-mould","isPartOf":{"@id":"https:\/\/www.innomould.be\/de\/#website"},"primaryImageOfPage":{"@id":"https:\/\/www.innomould.be\/de\/ptfe-autolock-dichtung\/#primaryimage"},"image":{"@id":"https:\/\/www.innomould.be\/de\/ptfe-autolock-dichtung\/#primaryimage"},"thumbnailUrl":"https:\/\/www.innomould.be\/site\/2023\/wp-content\/uploads\/2023\/06\/im-thermoharder0005.jpg","datePublished":"2023-09-29T12:07:19+00:00","dateModified":"2023-10-01T08:29:21+00:00","breadcrumb":{"@id":"https:\/\/www.innomould.be\/de\/ptfe-autolock-dichtung\/#breadcrumb"},"inLanguage":"de","potentialAction":[{"@type":"ReadAction","target":["https:\/\/www.innomould.be\/de\/ptfe-autolock-dichtung\/"]}]},{"@type":"ImageObject","inLanguage":"de","@id":"https:\/\/www.innomould.be\/de\/ptfe-autolock-dichtung\/#primaryimage","url":"https:\/\/www.innomould.be\/site\/2023\/wp-content\/uploads\/2023\/06\/im-thermoharder0005.jpg","contentUrl":"https:\/\/www.innomould.be\/site\/2023\/wp-content\/uploads\/2023\/06\/im-thermoharder0005.jpg","width":1024,"height":683},{"@type":"BreadcrumbList","@id":"https:\/\/www.innomould.be\/de\/ptfe-autolock-dichtung\/#breadcrumb","itemListElement":[{"@type":"ListItem","position":1,"name":"Home","item":"https:\/\/www.innomould.be\/de\/"},{"@type":"ListItem","position":2,"name":"PTFE autolock dichtung"}]},{"@type":"WebSite","@id":"https:\/\/www.innomould.be\/de\/#website","url":"https:\/\/www.innomould.be\/de\/","name":"Inno-mould","description":"Innovative Moulding Techniques","publisher":{"@id":"https:\/\/www.innomould.be\/de\/#organization"},"potentialAction":[{"@type":"SearchAction","target":{"@type":"EntryPoint","urlTemplate":"https:\/\/www.innomould.be\/de\/?s={search_term_string}"},"query-input":{"@type":"PropertyValueSpecification","valueRequired":true,"valueName":"search_term_string"}}],"inLanguage":"de"},{"@type":"Organization","@id":"https:\/\/www.innomould.be\/de\/#organization","name":"Inno-mould","url":"https:\/\/www.innomould.be\/de\/","logo":{"@type":"ImageObject","inLanguage":"de","@id":"https:\/\/www.innomould.be\/de\/#\/schema\/logo\/image\/","url":"https:\/\/www.innomould.be\/site\/2023\/wp-content\/uploads\/2023\/05\/InnoMould-logo.png","contentUrl":"https:\/\/www.innomould.be\/site\/2023\/wp-content\/uploads\/2023\/05\/InnoMould-logo.png","width":300,"height":268,"caption":"Inno-mould"},"image":{"@id":"https:\/\/www.innomould.be\/de\/#\/schema\/logo\/image\/"},"sameAs":["https:\/\/www.facebook.com\/profile.php?id=100054263061338"]}]}},"_links":{"self":[{"href":"https:\/\/www.innomould.be\/de\/wp-json\/wp\/v2\/pages\/1629","targetHints":{"allow":["GET"]}}],"collection":[{"href":"https:\/\/www.innomould.be\/de\/wp-json\/wp\/v2\/pages"}],"about":[{"href":"https:\/\/www.innomould.be\/de\/wp-json\/wp\/v2\/types\/page"}],"author":[{"embeddable":true,"href":"https:\/\/www.innomould.be\/de\/wp-json\/wp\/v2\/users\/1"}],"replies":[{"embeddable":true,"href":"https:\/\/www.innomould.be\/de\/wp-json\/wp\/v2\/comments?post=1629"}],"version-history":[{"count":10,"href":"https:\/\/www.innomould.be\/de\/wp-json\/wp\/v2\/pages\/1629\/revisions"}],"predecessor-version":[{"id":1940,"href":"https:\/\/www.innomould.be\/de\/wp-json\/wp\/v2\/pages\/1629\/revisions\/1940"}],"wp:featuredmedia":[{"embeddable":true,"href":"https:\/\/www.innomould.be\/de\/wp-json\/wp\/v2\/media\/940"}],"wp:attachment":[{"href":"https:\/\/www.innomould.be\/de\/wp-json\/wp\/v2\/media?parent=1629"}],"curies":[{"name":"wp","href":"https:\/\/api.w.org\/{rel}","templated":true}]}}