{"id":1631,"date":"2023-09-29T12:07:43","date_gmt":"2023-09-29T12:07:43","guid":{"rendered":"https:\/\/www.innomould.be\/site\/2023\/?page_id=1631"},"modified":"2023-10-01T08:29:41","modified_gmt":"2023-10-01T08:29:41","slug":"kupplungsdichtungen","status":"publish","type":"page","link":"https:\/\/www.innomould.be\/de\/kupplungsdichtungen\/","title":{"rendered":"Kupplungsdichtungen"},"content":{"rendered":"\t\t<div data-elementor-type=\"wp-page\" data-elementor-id=\"1631\" class=\"elementor elementor-1631\" data-elementor-post-type=\"page\">\n\t\t\t\t\t\t<section class=\"elementor-section elementor-top-section elementor-element elementor-element-39e9224 elementor-section-boxed elementor-section-height-default elementor-section-height-default\" data-id=\"39e9224\" data-element_type=\"section\" data-e-type=\"section\">\n\t\t\t\t\t\t<div class=\"elementor-container elementor-column-gap-default\">\n\t\t\t\t\t<div class=\"elementor-column elementor-col-100 elementor-top-column elementor-element elementor-element-baa72c8\" data-id=\"baa72c8\" data-element_type=\"column\" data-e-type=\"column\">\n\t\t\t<div class=\"elementor-widget-wrap elementor-element-populated\">\n\t\t\t\t\t\t<div class=\"elementor-element elementor-element-0a0eaf1 elementor-widget elementor-widget-heading\" data-id=\"0a0eaf1\" data-element_type=\"widget\" data-e-type=\"widget\" data-widget_type=\"heading.default\">\n\t\t\t\t\t<h2 class=\"elementor-heading-title elementor-size-default\">Kupplungsdichtungen\n<\/h2>\t\t\t\t<\/div>\n\t\t\t\t<div class=\"elementor-element elementor-element-292bbd3 elementor-widget elementor-widget-text-editor\" data-id=\"292bbd3\" data-element_type=\"widget\" data-e-type=\"widget\" data-widget_type=\"text-editor.default\">\n\t\t\t\t\t\t\t\t\tInno-mould kann vollst\u00e4ndig Ihren Spezifikationen entsprechende Kupplungsdichtungen aus erstklassigen, chemisch best\u00e4ndigen Materialien f\u00fcr Sie herstellen. Diese Kupplungsdichtungen sind \u00e4u\u00dferst strapazierf\u00e4hig und kommen beispielsweise in Anwendungsbereichen zum Einsatz, in denen FKM oder FPM (Viton\u00ae) nicht mehr ausreichen. Normalerweise besteht der n\u00e4chste Schritt in solchen F\u00e4llen aus FFKM oder FFPM (Kalrez\u00ae, Perlast\u00ae, \u2026).\n\t\t\t\t\t\t\t\t<\/div>\n\t\t\t\t<div class=\"elementor-element elementor-element-55319ce elementor-widget elementor-widget-heading\" data-id=\"55319ce\" data-element_type=\"widget\" data-e-type=\"widget\" data-widget_type=\"heading.default\">\n\t\t\t\t\t<h3 class=\"elementor-heading-title elementor-size-default\">Kupplungsdichtungen, die \u00e4u\u00dferst l\u00f6semittelbest\u00e4ndig sind\n<\/h3>\t\t\t\t<\/div>\n\t\t\t\t<div class=\"elementor-element elementor-element-6fe8242 elementor-widget elementor-widget-text-editor\" data-id=\"6fe8242\" data-element_type=\"widget\" data-e-type=\"widget\" data-widget_type=\"text-editor.default\">\n\t\t\t\t\t\t\t\t\t<p>Wir verf\u00fcgen \u00fcber spezielle Polymerwerkstoffe (wie\u00a0<a href=\"https:\/\/www.innomould.be\/de\/mfkm-kamlok\/\">MFKM<\/a>\u00a0und MFPM) zur Fertigung von Kupplungsdichtungen, die eine extrem hohe L\u00f6semittelbest\u00e4ndigkeit aufweisen. Dieser Werkstoff hat eine FDA-Zulassung und das Preisniveau bel\u00e4uft sich auf etwa 10 % der Kosten von FFPM. Eine derart gefertigte Kupplungsdichtung weist damit ein hervorragendes Kosten-Nutzen-Verh\u00e4ltnis auf. Wir k\u00f6nnen Ihnen folgende standardm\u00e4\u00dfige Kupplungsdichtungen anbieten:<\/p><ul><li>Kamlok Schlauchkupplungen<\/li><li>Tankwagenkupplungen (TW gem\u00e4\u00df DIN 28450)<\/li><li>Milchrohrdichtungen (Verschraubungsringe gem\u00e4\u00df DIN 11851)<\/li><li>Tri-Klamp-Dichtungen<\/li><li>Aseptik Klemmverbindungen (gem\u00e4\u00df DIN11864)<\/li><\/ul><p>Au\u00dferdem k\u00f6nnen wir Verbindungsdichtungen aus Hochleistungskunststoffen im\u00a0<a href=\"https:\/\/www.innomould.be\/de\/peek-spritzgussteile\/\">Spritzgussverfahren<\/a>\u00a0ganz nach Ma\u00df f\u00fcr Sie herstellen. Diese Dichtungen aus\u00a0<a href=\"https:\/\/www.innomould.be\/de\/peek-halbzeuge\/\">Polymerwerkstoffen<\/a>\u00a0leisten gerade auch unter widrigsten Umst\u00e4nden wertvolle Dienste.<\/p>\t\t\t\t\t\t\t\t<\/div>\n\t\t\t\t\t<\/div>\n\t\t<\/div>\n\t\t\t\t\t<\/div>\n\t\t<\/section>\n\t\t\t\t<section class=\"elementor-section elementor-top-section elementor-element elementor-element-a519fd5 elementor-section-boxed elementor-section-height-default elementor-section-height-default\" data-id=\"a519fd5\" data-element_type=\"section\" data-e-type=\"section\" id=\"contact\">\n\t\t\t\t\t\t\t<div class=\"elementor-background-overlay\"><\/div>\n\t\t\t\t\t\t\t<div class=\"elementor-container elementor-column-gap-default\">\n\t\t\t\t\t<div class=\"elementor-column elementor-col-100 elementor-top-column elementor-element elementor-element-9e5332b\" data-id=\"9e5332b\" data-element_type=\"column\" data-e-type=\"column\">\n\t\t\t<div class=\"elementor-widget-wrap elementor-element-populated\">\n\t\t\t\t\t\t<div class=\"elementor-element elementor-element-fd619f8 elementor-widget elementor-widget-heading\" data-id=\"fd619f8\" data-element_type=\"widget\" data-e-type=\"widget\" data-widget_type=\"heading.default\">\n\t\t\t\t\t<h4 class=\"elementor-heading-title elementor-size-default\">Lassen Sie sich ein Angebot f\u00fcr die gew\u00fcnschten Kunststoffdichtungen unterbreiten\n<\/h4>\t\t\t\t<\/div>\n\t\t\t\t<div class=\"elementor-element elementor-element-4068c24 elementor-widget elementor-widget-text-editor\" data-id=\"4068c24\" data-element_type=\"widget\" data-e-type=\"widget\" data-widget_type=\"text-editor.default\">\n\t\t\t\t\t\t\t\t\tSetzen Sie sich unter der Rufnummer\u00a0<a href=\"tel:003237553730\">+32 (0)3 \/ 755 37 30<\/a>\u00a0oder per E-Mail unter\u00a0<a href=\"mailto:mario@innomould.be\">mario@innomould.be<\/a>\u00a0mit den Fachkr\u00e4ften von Inno-mould in Verbindung. Wir sind ein inhabergef\u00fchrter Familienbetrieb, der die gew\u00fcnschte Maschinenkapazit\u00e4t mit pers\u00f6nlicher Kundenbetreuung vereint. Teilen Sie uns Ihren Bedarf mit, damit wir Ihnen ein Angebot f\u00fcr die erforderlichen Kupplungsdichtungen aus \u00e4u\u00dferst best\u00e4ndigen Polymerwerkstoffen zukommen lassen k\u00f6nnen. Wir freuen uns darauf, Ihnen die\u00a0<a href=\"https:\/\/www.innomould.be\/de\/qualitaet\/\">hohe Produktqualit\u00e4t<\/a>\u00a0der bei uns gefertigten Kunststoffdichtungen und unsere Lieferzuverl\u00e4ssigkeit unter Beweis stellen zu d\u00fcrfen.\t\t\t\t\t\t\t\t<\/div>\n\t\t\t\t<div class=\"elementor-element elementor-element-62279fb elementor-widget elementor-widget-button\" data-id=\"62279fb\" data-element_type=\"widget\" data-e-type=\"widget\" data-widget_type=\"button.default\">\n\t\t\t\t\t\t\t\t\t\t<a class=\"elementor-button elementor-button-link elementor-size-sm\" href=\"https:\/\/www.innomould.be\/de\/kontakt\/\">\n\t\t\t\t\t\t<span class=\"elementor-button-content-wrapper\">\n\t\t\t\t\t\t\t\t\t<span class=\"elementor-button-text\">Kontakt<\/span>\n\t\t\t\t\t<\/span>\n\t\t\t\t\t<\/a>\n\t\t\t\t\t\t\t\t<\/div>\n\t\t\t\t\t<\/div>\n\t\t<\/div>\n\t\t\t\t\t<\/div>\n\t\t<\/section>\n\t\t\t\t<\/div>\n\t\t","protected":false},"excerpt":{"rendered":"<p>Kupplungsdichtungen Inno-mould kann vollst\u00e4ndig Ihren Spezifikationen entsprechende Kupplungsdichtungen aus erstklassigen, chemisch best\u00e4ndigen Materialien f\u00fcr Sie herstellen. Diese Kupplungsdichtungen sind \u00e4u\u00dferst strapazierf\u00e4hig und kommen beispielsweise in Anwendungsbereichen zum Einsatz, in denen FKM oder FPM (Viton\u00ae) nicht mehr ausreichen. Normalerweise besteht der n\u00e4chste Schritt in solchen F\u00e4llen aus FFKM oder FFPM (Kalrez\u00ae, Perlast\u00ae, \u2026). Kupplungsdichtungen, die \u00e4u\u00dferst [&hellip;]<\/p>\n","protected":false},"author":1,"featured_media":940,"parent":0,"menu_order":0,"comment_status":"closed","ping_status":"closed","template":"","meta":{"footnotes":""},"class_list":["post-1631","page","type-page","status-publish","has-post-thumbnail","hentry"],"yoast_head":"<!-- This site is optimized with the Yoast SEO Premium plugin v21.2 (Yoast SEO v27.5) - https:\/\/yoast.com\/product\/yoast-seo-premium-wordpress\/ -->\n<title>Kupplungsdichtungen - Inno-mould<\/title>\n<meta name=\"robots\" content=\"index, follow, max-snippet:-1, max-image-preview:large, max-video-preview:-1\" \/>\n<link rel=\"canonical\" href=\"https:\/\/www.innomould.be\/de\/kupplungsdichtungen\/\" \/>\n<meta property=\"og:locale\" content=\"de_DE\" \/>\n<meta property=\"og:type\" content=\"article\" \/>\n<meta property=\"og:title\" content=\"Kupplungsdichtungen\" \/>\n<meta property=\"og:description\" content=\"Kupplungsdichtungen Inno-mould kann vollst\u00e4ndig Ihren Spezifikationen entsprechende Kupplungsdichtungen aus erstklassigen, chemisch best\u00e4ndigen Materialien f\u00fcr Sie herstellen. Diese Kupplungsdichtungen sind \u00e4u\u00dferst strapazierf\u00e4hig und kommen beispielsweise in Anwendungsbereichen zum Einsatz, in denen FKM oder FPM (Viton\u00ae) nicht mehr ausreichen. Normalerweise besteht der n\u00e4chste Schritt in solchen F\u00e4llen aus FFKM oder FFPM (Kalrez\u00ae, Perlast\u00ae, \u2026). Kupplungsdichtungen, die \u00e4u\u00dferst [&hellip;]\" \/>\n<meta property=\"og:url\" content=\"https:\/\/www.innomould.be\/de\/kupplungsdichtungen\/\" \/>\n<meta property=\"og:site_name\" content=\"Inno-mould\" \/>\n<meta property=\"article:publisher\" content=\"https:\/\/www.facebook.com\/profile.php?id=100054263061338\" \/>\n<meta property=\"article:modified_time\" content=\"2023-10-01T08:29:41+00:00\" \/>\n<meta property=\"og:image\" content=\"https:\/\/www.innomould.be\/site\/2023\/wp-content\/uploads\/2023\/06\/im-thermoharder0005.jpg\" \/>\n\t<meta property=\"og:image:width\" content=\"1024\" \/>\n\t<meta property=\"og:image:height\" content=\"683\" \/>\n\t<meta property=\"og:image:type\" content=\"image\/jpeg\" \/>\n<meta name=\"twitter:card\" content=\"summary_large_image\" \/>\n<meta name=\"twitter:label1\" content=\"Gesch\u00e4tzte Lesezeit\" \/>\n\t<meta name=\"twitter:data1\" content=\"2\u00a0Minuten\" \/>\n<script type=\"application\/ld+json\" class=\"yoast-schema-graph\">{\"@context\":\"https:\\\/\\\/schema.org\",\"@graph\":[{\"@type\":\"WebPage\",\"@id\":\"https:\\\/\\\/www.innomould.be\\\/de\\\/kupplungsdichtungen\\\/\",\"url\":\"https:\\\/\\\/www.innomould.be\\\/de\\\/kupplungsdichtungen\\\/\",\"name\":\"Kupplungsdichtungen - Inno-mould\",\"isPartOf\":{\"@id\":\"https:\\\/\\\/www.innomould.be\\\/de\\\/#website\"},\"primaryImageOfPage\":{\"@id\":\"https:\\\/\\\/www.innomould.be\\\/de\\\/kupplungsdichtungen\\\/#primaryimage\"},\"image\":{\"@id\":\"https:\\\/\\\/www.innomould.be\\\/de\\\/kupplungsdichtungen\\\/#primaryimage\"},\"thumbnailUrl\":\"https:\\\/\\\/www.innomould.be\\\/site\\\/2023\\\/wp-content\\\/uploads\\\/2023\\\/06\\\/im-thermoharder0005.jpg\",\"datePublished\":\"2023-09-29T12:07:43+00:00\",\"dateModified\":\"2023-10-01T08:29:41+00:00\",\"breadcrumb\":{\"@id\":\"https:\\\/\\\/www.innomould.be\\\/de\\\/kupplungsdichtungen\\\/#breadcrumb\"},\"inLanguage\":\"de\",\"potentialAction\":[{\"@type\":\"ReadAction\",\"target\":[\"https:\\\/\\\/www.innomould.be\\\/de\\\/kupplungsdichtungen\\\/\"]}]},{\"@type\":\"ImageObject\",\"inLanguage\":\"de\",\"@id\":\"https:\\\/\\\/www.innomould.be\\\/de\\\/kupplungsdichtungen\\\/#primaryimage\",\"url\":\"https:\\\/\\\/www.innomould.be\\\/site\\\/2023\\\/wp-content\\\/uploads\\\/2023\\\/06\\\/im-thermoharder0005.jpg\",\"contentUrl\":\"https:\\\/\\\/www.innomould.be\\\/site\\\/2023\\\/wp-content\\\/uploads\\\/2023\\\/06\\\/im-thermoharder0005.jpg\",\"width\":1024,\"height\":683},{\"@type\":\"BreadcrumbList\",\"@id\":\"https:\\\/\\\/www.innomould.be\\\/de\\\/kupplungsdichtungen\\\/#breadcrumb\",\"itemListElement\":[{\"@type\":\"ListItem\",\"position\":1,\"name\":\"Home\",\"item\":\"https:\\\/\\\/www.innomould.be\\\/de\\\/\"},{\"@type\":\"ListItem\",\"position\":2,\"name\":\"Kupplungsdichtungen\"}]},{\"@type\":\"WebSite\",\"@id\":\"https:\\\/\\\/www.innomould.be\\\/de\\\/#website\",\"url\":\"https:\\\/\\\/www.innomould.be\\\/de\\\/\",\"name\":\"Inno-mould\",\"description\":\"Innovative Moulding Techniques\",\"publisher\":{\"@id\":\"https:\\\/\\\/www.innomould.be\\\/de\\\/#organization\"},\"potentialAction\":[{\"@type\":\"SearchAction\",\"target\":{\"@type\":\"EntryPoint\",\"urlTemplate\":\"https:\\\/\\\/www.innomould.be\\\/de\\\/?s={search_term_string}\"},\"query-input\":{\"@type\":\"PropertyValueSpecification\",\"valueRequired\":true,\"valueName\":\"search_term_string\"}}],\"inLanguage\":\"de\"},{\"@type\":\"Organization\",\"@id\":\"https:\\\/\\\/www.innomould.be\\\/de\\\/#organization\",\"name\":\"Inno-mould\",\"url\":\"https:\\\/\\\/www.innomould.be\\\/de\\\/\",\"logo\":{\"@type\":\"ImageObject\",\"inLanguage\":\"de\",\"@id\":\"https:\\\/\\\/www.innomould.be\\\/de\\\/#\\\/schema\\\/logo\\\/image\\\/\",\"url\":\"https:\\\/\\\/www.innomould.be\\\/site\\\/2023\\\/wp-content\\\/uploads\\\/2023\\\/05\\\/InnoMould-logo.png\",\"contentUrl\":\"https:\\\/\\\/www.innomould.be\\\/site\\\/2023\\\/wp-content\\\/uploads\\\/2023\\\/05\\\/InnoMould-logo.png\",\"width\":300,\"height\":268,\"caption\":\"Inno-mould\"},\"image\":{\"@id\":\"https:\\\/\\\/www.innomould.be\\\/de\\\/#\\\/schema\\\/logo\\\/image\\\/\"},\"sameAs\":[\"https:\\\/\\\/www.facebook.com\\\/profile.php?id=100054263061338\"]}]}<\/script>\n<!-- \/ Yoast SEO Premium plugin. -->","yoast_head_json":{"title":"Kupplungsdichtungen - Inno-mould","robots":{"index":"index","follow":"follow","max-snippet":"max-snippet:-1","max-image-preview":"max-image-preview:large","max-video-preview":"max-video-preview:-1"},"canonical":"https:\/\/www.innomould.be\/de\/kupplungsdichtungen\/","og_locale":"de_DE","og_type":"article","og_title":"Kupplungsdichtungen","og_description":"Kupplungsdichtungen Inno-mould kann vollst\u00e4ndig Ihren Spezifikationen entsprechende Kupplungsdichtungen aus erstklassigen, chemisch best\u00e4ndigen Materialien f\u00fcr Sie herstellen. Diese Kupplungsdichtungen sind \u00e4u\u00dferst strapazierf\u00e4hig und kommen beispielsweise in Anwendungsbereichen zum Einsatz, in denen FKM oder FPM (Viton\u00ae) nicht mehr ausreichen. Normalerweise besteht der n\u00e4chste Schritt in solchen F\u00e4llen aus FFKM oder FFPM (Kalrez\u00ae, Perlast\u00ae, \u2026). Kupplungsdichtungen, die \u00e4u\u00dferst [&hellip;]","og_url":"https:\/\/www.innomould.be\/de\/kupplungsdichtungen\/","og_site_name":"Inno-mould","article_publisher":"https:\/\/www.facebook.com\/profile.php?id=100054263061338","article_modified_time":"2023-10-01T08:29:41+00:00","og_image":[{"width":1024,"height":683,"url":"https:\/\/www.innomould.be\/site\/2023\/wp-content\/uploads\/2023\/06\/im-thermoharder0005.jpg","type":"image\/jpeg"}],"twitter_card":"summary_large_image","twitter_misc":{"Gesch\u00e4tzte Lesezeit":"2\u00a0Minuten"},"schema":{"@context":"https:\/\/schema.org","@graph":[{"@type":"WebPage","@id":"https:\/\/www.innomould.be\/de\/kupplungsdichtungen\/","url":"https:\/\/www.innomould.be\/de\/kupplungsdichtungen\/","name":"Kupplungsdichtungen - Inno-mould","isPartOf":{"@id":"https:\/\/www.innomould.be\/de\/#website"},"primaryImageOfPage":{"@id":"https:\/\/www.innomould.be\/de\/kupplungsdichtungen\/#primaryimage"},"image":{"@id":"https:\/\/www.innomould.be\/de\/kupplungsdichtungen\/#primaryimage"},"thumbnailUrl":"https:\/\/www.innomould.be\/site\/2023\/wp-content\/uploads\/2023\/06\/im-thermoharder0005.jpg","datePublished":"2023-09-29T12:07:43+00:00","dateModified":"2023-10-01T08:29:41+00:00","breadcrumb":{"@id":"https:\/\/www.innomould.be\/de\/kupplungsdichtungen\/#breadcrumb"},"inLanguage":"de","potentialAction":[{"@type":"ReadAction","target":["https:\/\/www.innomould.be\/de\/kupplungsdichtungen\/"]}]},{"@type":"ImageObject","inLanguage":"de","@id":"https:\/\/www.innomould.be\/de\/kupplungsdichtungen\/#primaryimage","url":"https:\/\/www.innomould.be\/site\/2023\/wp-content\/uploads\/2023\/06\/im-thermoharder0005.jpg","contentUrl":"https:\/\/www.innomould.be\/site\/2023\/wp-content\/uploads\/2023\/06\/im-thermoharder0005.jpg","width":1024,"height":683},{"@type":"BreadcrumbList","@id":"https:\/\/www.innomould.be\/de\/kupplungsdichtungen\/#breadcrumb","itemListElement":[{"@type":"ListItem","position":1,"name":"Home","item":"https:\/\/www.innomould.be\/de\/"},{"@type":"ListItem","position":2,"name":"Kupplungsdichtungen"}]},{"@type":"WebSite","@id":"https:\/\/www.innomould.be\/de\/#website","url":"https:\/\/www.innomould.be\/de\/","name":"Inno-mould","description":"Innovative Moulding Techniques","publisher":{"@id":"https:\/\/www.innomould.be\/de\/#organization"},"potentialAction":[{"@type":"SearchAction","target":{"@type":"EntryPoint","urlTemplate":"https:\/\/www.innomould.be\/de\/?s={search_term_string}"},"query-input":{"@type":"PropertyValueSpecification","valueRequired":true,"valueName":"search_term_string"}}],"inLanguage":"de"},{"@type":"Organization","@id":"https:\/\/www.innomould.be\/de\/#organization","name":"Inno-mould","url":"https:\/\/www.innomould.be\/de\/","logo":{"@type":"ImageObject","inLanguage":"de","@id":"https:\/\/www.innomould.be\/de\/#\/schema\/logo\/image\/","url":"https:\/\/www.innomould.be\/site\/2023\/wp-content\/uploads\/2023\/05\/InnoMould-logo.png","contentUrl":"https:\/\/www.innomould.be\/site\/2023\/wp-content\/uploads\/2023\/05\/InnoMould-logo.png","width":300,"height":268,"caption":"Inno-mould"},"image":{"@id":"https:\/\/www.innomould.be\/de\/#\/schema\/logo\/image\/"},"sameAs":["https:\/\/www.facebook.com\/profile.php?id=100054263061338"]}]}},"_links":{"self":[{"href":"https:\/\/www.innomould.be\/de\/wp-json\/wp\/v2\/pages\/1631","targetHints":{"allow":["GET"]}}],"collection":[{"href":"https:\/\/www.innomould.be\/de\/wp-json\/wp\/v2\/pages"}],"about":[{"href":"https:\/\/www.innomould.be\/de\/wp-json\/wp\/v2\/types\/page"}],"author":[{"embeddable":true,"href":"https:\/\/www.innomould.be\/de\/wp-json\/wp\/v2\/users\/1"}],"replies":[{"embeddable":true,"href":"https:\/\/www.innomould.be\/de\/wp-json\/wp\/v2\/comments?post=1631"}],"version-history":[{"count":7,"href":"https:\/\/www.innomould.be\/de\/wp-json\/wp\/v2\/pages\/1631\/revisions"}],"predecessor-version":[{"id":1947,"href":"https:\/\/www.innomould.be\/de\/wp-json\/wp\/v2\/pages\/1631\/revisions\/1947"}],"wp:featuredmedia":[{"embeddable":true,"href":"https:\/\/www.innomould.be\/de\/wp-json\/wp\/v2\/media\/940"}],"wp:attachment":[{"href":"https:\/\/www.innomould.be\/de\/wp-json\/wp\/v2\/media?parent=1631"}],"curies":[{"name":"wp","href":"https:\/\/api.w.org\/{rel}","templated":true}]}}