{"id":1633,"date":"2023-09-29T12:08:11","date_gmt":"2023-09-29T12:08:11","guid":{"rendered":"https:\/\/www.innomould.be\/site\/2023\/?page_id=1633"},"modified":"2023-10-01T08:30:13","modified_gmt":"2023-10-01T08:30:13","slug":"peek-spritzgussteile","status":"publish","type":"page","link":"https:\/\/www.innomould.be\/de\/peek-spritzgussteile\/","title":{"rendered":"PEEK spritzgussteile"},"content":{"rendered":"\t\t<div data-elementor-type=\"wp-page\" data-elementor-id=\"1633\" class=\"elementor elementor-1633\" data-elementor-post-type=\"page\">\n\t\t\t\t\t\t<section class=\"elementor-section elementor-top-section elementor-element elementor-element-39e9224 elementor-section-boxed elementor-section-height-default elementor-section-height-default\" data-id=\"39e9224\" data-element_type=\"section\" data-e-type=\"section\">\n\t\t\t\t\t\t<div class=\"elementor-container elementor-column-gap-default\">\n\t\t\t\t\t<div class=\"elementor-column elementor-col-100 elementor-top-column elementor-element elementor-element-baa72c8\" data-id=\"baa72c8\" data-element_type=\"column\" data-e-type=\"column\">\n\t\t\t<div class=\"elementor-widget-wrap elementor-element-populated\">\n\t\t\t\t\t\t<div class=\"elementor-element elementor-element-0a0eaf1 elementor-widget elementor-widget-heading\" data-id=\"0a0eaf1\" data-element_type=\"widget\" data-e-type=\"widget\" data-widget_type=\"heading.default\">\n\t\t\t\t<div class=\"elementor-widget-container\">\n\t\t\t\t\t<h2 class=\"elementor-heading-title elementor-size-default\">Pr\u00e4zisionsspritzguss f\u00fcr PEEK Spritzgussteile\n<\/h2>\t\t\t\t<\/div>\n\t\t\t\t<\/div>\n\t\t\t\t<div class=\"elementor-element elementor-element-292bbd3 elementor-widget elementor-widget-text-editor\" data-id=\"292bbd3\" data-element_type=\"widget\" data-e-type=\"widget\" data-widget_type=\"text-editor.default\">\n\t\t\t\t<div class=\"elementor-widget-container\">\n\t\t\t\t\t\t\t\t\tWenn Sie hohe Anforderungen an Ihre PEEK Spritzgussteile stellen, haben Sie in Inno-mould den richtigen Lieferanten gefunden. Wir bieten L\u00f6sungen aus einer Hand und k\u00f6nnen damit sicherstellen, dass Sie die erforderlichen Spritzgie\u00dfteile aus PEEK oder anderen Hochleistungskunststoffen innerhalb der vereinbarten Lieferzeit und ganz Ihren Ma\u00dfgaben entsprechend erhalten.\n\t\t\t\t\t\t\t\t<\/div>\n\t\t\t\t<\/div>\n\t\t\t\t<div class=\"elementor-element elementor-element-55319ce elementor-widget elementor-widget-heading\" data-id=\"55319ce\" data-element_type=\"widget\" data-e-type=\"widget\" data-widget_type=\"heading.default\">\n\t\t\t\t<div class=\"elementor-widget-container\">\n\t\t\t\t\t<h3 class=\"elementor-heading-title elementor-size-default\">PEEK Spritzgussteile, die durch ihre Best\u00e4ndigkeit und ihr geringes Gewicht \u00fcberzeugen\n<\/h3>\t\t\t\t<\/div>\n\t\t\t\t<\/div>\n\t\t\t\t<div class=\"elementor-element elementor-element-6fe8242 elementor-widget elementor-widget-text-editor\" data-id=\"6fe8242\" data-element_type=\"widget\" data-e-type=\"widget\" data-widget_type=\"text-editor.default\">\n\t\t\t\t<div class=\"elementor-widget-container\">\n\t\t\t\t\t\t\t\t\t<p>Bekannterma\u00dfen sind Kunststoffe wie\u00a0<a href=\"https:\/\/www.innomould.be\/de\/peek-rohre\/\">PEEK<\/a>\u00a0und\u00a0<a href=\"https:\/\/www.innomould.be\/de\/pfa-schlauchstutzen\/\">PFA<\/a>\u00a0hochtemperatur- und chemikalienbest\u00e4ndig. Deshalb kommen sie bei uns h\u00e4ufig bei der Herstellung von Spritzgussteilen zum Einsatz. Wir verf\u00fcgen \u00fcber fortschrittliche Spritzgussanlagen, die das Fertigen hochwertiger PEEK Spritzgussteile mit \u00e4u\u00dferst geringen Produktgewichten erm\u00f6glichen. Anschlie\u00dfend k\u00f6nnen die entsprechenden PEEK Spritzgie\u00dfteile mithilfe von unseren\u00a0<a href=\"https:\/\/www.innomould.be\/de\/cnc-produkte\/\">CNC Maschinen nachbearbeitet<\/a>\u00a0werden. Damit k\u00f6nnen teure Schieber oder hydraulische Komponenten bei den Werkzeugen eingespart werden. Wir verf\u00fcgen \u00fcber verschiedene Anlagen f\u00fcr das Spritzgussverfahren mit einer Schlie\u00dfkraft von 12 bis 50 Tonnen.<\/p>\t\t\t\t\t\t\t\t<\/div>\n\t\t\t\t<\/div>\n\t\t\t\t\t<\/div>\n\t\t<\/div>\n\t\t\t\t\t<\/div>\n\t\t<\/section>\n\t\t\t\t<section class=\"elementor-section elementor-top-section elementor-element elementor-element-a519fd5 elementor-section-boxed elementor-section-height-default elementor-section-height-default\" data-id=\"a519fd5\" data-element_type=\"section\" data-e-type=\"section\" id=\"contact\">\n\t\t\t\t\t\t\t<div class=\"elementor-background-overlay\"><\/div>\n\t\t\t\t\t\t\t<div class=\"elementor-container elementor-column-gap-default\">\n\t\t\t\t\t<div class=\"elementor-column elementor-col-100 elementor-top-column elementor-element elementor-element-9e5332b\" data-id=\"9e5332b\" data-element_type=\"column\" data-e-type=\"column\">\n\t\t\t<div class=\"elementor-widget-wrap elementor-element-populated\">\n\t\t\t\t\t\t<div class=\"elementor-element elementor-element-fd619f8 elementor-widget elementor-widget-heading\" data-id=\"fd619f8\" data-element_type=\"widget\" data-e-type=\"widget\" data-widget_type=\"heading.default\">\n\t\t\t\t<div class=\"elementor-widget-container\">\n\t\t\t\t\t<h4 class=\"elementor-heading-title elementor-size-default\">Setzen Sie sich mit uns im Hinblick auf das gew\u00fcnschte PEEK Spritzgussteil in Verbindung\n<\/h4>\t\t\t\t<\/div>\n\t\t\t\t<\/div>\n\t\t\t\t<div class=\"elementor-element elementor-element-4068c24 elementor-widget elementor-widget-text-editor\" data-id=\"4068c24\" data-element_type=\"widget\" data-e-type=\"widget\" data-widget_type=\"text-editor.default\">\n\t\t\t\t<div class=\"elementor-widget-container\">\n\t\t\t\t\t\t\t\t\tGerne stehen wir Ihnen telefonisch unter\u00a0<a href=\"tel:003237553730\">+32 (0)3 \/ 755 37 30<\/a>\u00a0oder per E-Mail unter\u00a0<a href=\"mailto:mario@innomould.be\">mario@innomould.be<\/a>\u00a0zur Verf\u00fcgung, um Sie \u00fcber die M\u00f6glichkeiten im Hinblick auf die Fertigung kundenspezifischer Kunststoff-Spritzgussteile im Allgemeinen oder PEEK Spritzgussteile im Besonderen zu informieren. Wir freuen uns darauf, Ihnen ein passendes Angebot f\u00fcr die gew\u00fcnschten PEEK Halbzeuge bzw. andere Kunststoffbauteile zu unterbreiten.\n\t\t\t\t\t\t\t\t<\/div>\n\t\t\t\t<\/div>\n\t\t\t\t<div class=\"elementor-element elementor-element-62279fb elementor-widget elementor-widget-button\" data-id=\"62279fb\" data-element_type=\"widget\" data-e-type=\"widget\" data-widget_type=\"button.default\">\n\t\t\t\t<div class=\"elementor-widget-container\">\n\t\t\t\t\t\t\t\t\t<div class=\"elementor-button-wrapper\">\n\t\t\t\t\t<a class=\"elementor-button elementor-button-link elementor-size-sm\" href=\"https:\/\/www.innomould.be\/de\/kontakt\/\">\n\t\t\t\t\t\t<span class=\"elementor-button-content-wrapper\">\n\t\t\t\t\t\t\t\t\t<span class=\"elementor-button-text\">Kontakt<\/span>\n\t\t\t\t\t<\/span>\n\t\t\t\t\t<\/a>\n\t\t\t\t<\/div>\n\t\t\t\t\t\t\t\t<\/div>\n\t\t\t\t<\/div>\n\t\t\t\t\t<\/div>\n\t\t<\/div>\n\t\t\t\t\t<\/div>\n\t\t<\/section>\n\t\t\t\t<\/div>\n\t\t","protected":false},"excerpt":{"rendered":"<p>Pr\u00e4zisionsspritzguss f\u00fcr PEEK Spritzgussteile Wenn Sie hohe Anforderungen an Ihre PEEK Spritzgussteile stellen, haben Sie in Inno-mould den richtigen Lieferanten gefunden. Wir bieten L\u00f6sungen aus einer Hand und k\u00f6nnen damit sicherstellen, dass Sie die erforderlichen Spritzgie\u00dfteile aus PEEK oder anderen Hochleistungskunststoffen innerhalb der vereinbarten Lieferzeit und ganz Ihren Ma\u00dfgaben entsprechend erhalten. PEEK Spritzgussteile, die durch [&hellip;]<\/p>\n","protected":false},"author":1,"featured_media":940,"parent":0,"menu_order":0,"comment_status":"closed","ping_status":"closed","template":"","meta":{"footnotes":""},"class_list":["post-1633","page","type-page","status-publish","has-post-thumbnail","hentry"],"yoast_head":"<!-- This site is optimized with the Yoast SEO Premium plugin v21.2 (Yoast SEO v27.3) - https:\/\/yoast.com\/product\/yoast-seo-premium-wordpress\/ -->\n<title>PEEK spritzgussteile - Inno-mould<\/title>\n<meta name=\"robots\" content=\"index, follow, max-snippet:-1, max-image-preview:large, max-video-preview:-1\" \/>\n<link rel=\"canonical\" href=\"https:\/\/www.innomould.be\/de\/peek-spritzgussteile\/\" \/>\n<meta property=\"og:locale\" content=\"de_DE\" \/>\n<meta property=\"og:type\" content=\"article\" \/>\n<meta property=\"og:title\" content=\"PEEK spritzgussteile\" \/>\n<meta property=\"og:description\" content=\"Pr\u00e4zisionsspritzguss f\u00fcr PEEK Spritzgussteile Wenn Sie hohe Anforderungen an Ihre PEEK Spritzgussteile stellen, haben Sie in Inno-mould den richtigen Lieferanten gefunden. Wir bieten L\u00f6sungen aus einer Hand und k\u00f6nnen damit sicherstellen, dass Sie die erforderlichen Spritzgie\u00dfteile aus PEEK oder anderen Hochleistungskunststoffen innerhalb der vereinbarten Lieferzeit und ganz Ihren Ma\u00dfgaben entsprechend erhalten. PEEK Spritzgussteile, die durch [&hellip;]\" \/>\n<meta property=\"og:url\" content=\"https:\/\/www.innomould.be\/de\/peek-spritzgussteile\/\" \/>\n<meta property=\"og:site_name\" content=\"Inno-mould\" \/>\n<meta property=\"article:publisher\" content=\"https:\/\/www.facebook.com\/profile.php?id=100054263061338\" \/>\n<meta property=\"article:modified_time\" content=\"2023-10-01T08:30:13+00:00\" \/>\n<meta property=\"og:image\" content=\"https:\/\/www.innomould.be\/site\/2023\/wp-content\/uploads\/2023\/06\/im-thermoharder0005.jpg\" \/>\n\t<meta property=\"og:image:width\" content=\"1024\" \/>\n\t<meta property=\"og:image:height\" content=\"683\" \/>\n\t<meta property=\"og:image:type\" content=\"image\/jpeg\" \/>\n<meta name=\"twitter:card\" content=\"summary_large_image\" \/>\n<meta name=\"twitter:label1\" content=\"Gesch\u00e4tzte Lesezeit\" \/>\n\t<meta name=\"twitter:data1\" content=\"2\u00a0Minuten\" \/>\n<script type=\"application\/ld+json\" class=\"yoast-schema-graph\">{\"@context\":\"https:\\\/\\\/schema.org\",\"@graph\":[{\"@type\":\"WebPage\",\"@id\":\"https:\\\/\\\/www.innomould.be\\\/de\\\/peek-spritzgussteile\\\/\",\"url\":\"https:\\\/\\\/www.innomould.be\\\/de\\\/peek-spritzgussteile\\\/\",\"name\":\"PEEK spritzgussteile - Inno-mould\",\"isPartOf\":{\"@id\":\"https:\\\/\\\/www.innomould.be\\\/de\\\/#website\"},\"primaryImageOfPage\":{\"@id\":\"https:\\\/\\\/www.innomould.be\\\/de\\\/peek-spritzgussteile\\\/#primaryimage\"},\"image\":{\"@id\":\"https:\\\/\\\/www.innomould.be\\\/de\\\/peek-spritzgussteile\\\/#primaryimage\"},\"thumbnailUrl\":\"https:\\\/\\\/www.innomould.be\\\/site\\\/2023\\\/wp-content\\\/uploads\\\/2023\\\/06\\\/im-thermoharder0005.jpg\",\"datePublished\":\"2023-09-29T12:08:11+00:00\",\"dateModified\":\"2023-10-01T08:30:13+00:00\",\"breadcrumb\":{\"@id\":\"https:\\\/\\\/www.innomould.be\\\/de\\\/peek-spritzgussteile\\\/#breadcrumb\"},\"inLanguage\":\"de\",\"potentialAction\":[{\"@type\":\"ReadAction\",\"target\":[\"https:\\\/\\\/www.innomould.be\\\/de\\\/peek-spritzgussteile\\\/\"]}]},{\"@type\":\"ImageObject\",\"inLanguage\":\"de\",\"@id\":\"https:\\\/\\\/www.innomould.be\\\/de\\\/peek-spritzgussteile\\\/#primaryimage\",\"url\":\"https:\\\/\\\/www.innomould.be\\\/site\\\/2023\\\/wp-content\\\/uploads\\\/2023\\\/06\\\/im-thermoharder0005.jpg\",\"contentUrl\":\"https:\\\/\\\/www.innomould.be\\\/site\\\/2023\\\/wp-content\\\/uploads\\\/2023\\\/06\\\/im-thermoharder0005.jpg\",\"width\":1024,\"height\":683},{\"@type\":\"BreadcrumbList\",\"@id\":\"https:\\\/\\\/www.innomould.be\\\/de\\\/peek-spritzgussteile\\\/#breadcrumb\",\"itemListElement\":[{\"@type\":\"ListItem\",\"position\":1,\"name\":\"Home\",\"item\":\"https:\\\/\\\/www.innomould.be\\\/de\\\/\"},{\"@type\":\"ListItem\",\"position\":2,\"name\":\"PEEK spritzgussteile\"}]},{\"@type\":\"WebSite\",\"@id\":\"https:\\\/\\\/www.innomould.be\\\/de\\\/#website\",\"url\":\"https:\\\/\\\/www.innomould.be\\\/de\\\/\",\"name\":\"Inno-mould\",\"description\":\"Innovative Moulding Techniques\",\"publisher\":{\"@id\":\"https:\\\/\\\/www.innomould.be\\\/de\\\/#organization\"},\"potentialAction\":[{\"@type\":\"SearchAction\",\"target\":{\"@type\":\"EntryPoint\",\"urlTemplate\":\"https:\\\/\\\/www.innomould.be\\\/de\\\/?s={search_term_string}\"},\"query-input\":{\"@type\":\"PropertyValueSpecification\",\"valueRequired\":true,\"valueName\":\"search_term_string\"}}],\"inLanguage\":\"de\"},{\"@type\":\"Organization\",\"@id\":\"https:\\\/\\\/www.innomould.be\\\/de\\\/#organization\",\"name\":\"Inno-mould\",\"url\":\"https:\\\/\\\/www.innomould.be\\\/de\\\/\",\"logo\":{\"@type\":\"ImageObject\",\"inLanguage\":\"de\",\"@id\":\"https:\\\/\\\/www.innomould.be\\\/de\\\/#\\\/schema\\\/logo\\\/image\\\/\",\"url\":\"https:\\\/\\\/www.innomould.be\\\/site\\\/2023\\\/wp-content\\\/uploads\\\/2023\\\/05\\\/InnoMould-logo.png\",\"contentUrl\":\"https:\\\/\\\/www.innomould.be\\\/site\\\/2023\\\/wp-content\\\/uploads\\\/2023\\\/05\\\/InnoMould-logo.png\",\"width\":300,\"height\":268,\"caption\":\"Inno-mould\"},\"image\":{\"@id\":\"https:\\\/\\\/www.innomould.be\\\/de\\\/#\\\/schema\\\/logo\\\/image\\\/\"},\"sameAs\":[\"https:\\\/\\\/www.facebook.com\\\/profile.php?id=100054263061338\"]}]}<\/script>\n<!-- \/ Yoast SEO Premium plugin. -->","yoast_head_json":{"title":"PEEK spritzgussteile - Inno-mould","robots":{"index":"index","follow":"follow","max-snippet":"max-snippet:-1","max-image-preview":"max-image-preview:large","max-video-preview":"max-video-preview:-1"},"canonical":"https:\/\/www.innomould.be\/de\/peek-spritzgussteile\/","og_locale":"de_DE","og_type":"article","og_title":"PEEK spritzgussteile","og_description":"Pr\u00e4zisionsspritzguss f\u00fcr PEEK Spritzgussteile Wenn Sie hohe Anforderungen an Ihre PEEK Spritzgussteile stellen, haben Sie in Inno-mould den richtigen Lieferanten gefunden. Wir bieten L\u00f6sungen aus einer Hand und k\u00f6nnen damit sicherstellen, dass Sie die erforderlichen Spritzgie\u00dfteile aus PEEK oder anderen Hochleistungskunststoffen innerhalb der vereinbarten Lieferzeit und ganz Ihren Ma\u00dfgaben entsprechend erhalten. PEEK Spritzgussteile, die durch [&hellip;]","og_url":"https:\/\/www.innomould.be\/de\/peek-spritzgussteile\/","og_site_name":"Inno-mould","article_publisher":"https:\/\/www.facebook.com\/profile.php?id=100054263061338","article_modified_time":"2023-10-01T08:30:13+00:00","og_image":[{"width":1024,"height":683,"url":"https:\/\/www.innomould.be\/site\/2023\/wp-content\/uploads\/2023\/06\/im-thermoharder0005.jpg","type":"image\/jpeg"}],"twitter_card":"summary_large_image","twitter_misc":{"Gesch\u00e4tzte Lesezeit":"2\u00a0Minuten"},"schema":{"@context":"https:\/\/schema.org","@graph":[{"@type":"WebPage","@id":"https:\/\/www.innomould.be\/de\/peek-spritzgussteile\/","url":"https:\/\/www.innomould.be\/de\/peek-spritzgussteile\/","name":"PEEK spritzgussteile - Inno-mould","isPartOf":{"@id":"https:\/\/www.innomould.be\/de\/#website"},"primaryImageOfPage":{"@id":"https:\/\/www.innomould.be\/de\/peek-spritzgussteile\/#primaryimage"},"image":{"@id":"https:\/\/www.innomould.be\/de\/peek-spritzgussteile\/#primaryimage"},"thumbnailUrl":"https:\/\/www.innomould.be\/site\/2023\/wp-content\/uploads\/2023\/06\/im-thermoharder0005.jpg","datePublished":"2023-09-29T12:08:11+00:00","dateModified":"2023-10-01T08:30:13+00:00","breadcrumb":{"@id":"https:\/\/www.innomould.be\/de\/peek-spritzgussteile\/#breadcrumb"},"inLanguage":"de","potentialAction":[{"@type":"ReadAction","target":["https:\/\/www.innomould.be\/de\/peek-spritzgussteile\/"]}]},{"@type":"ImageObject","inLanguage":"de","@id":"https:\/\/www.innomould.be\/de\/peek-spritzgussteile\/#primaryimage","url":"https:\/\/www.innomould.be\/site\/2023\/wp-content\/uploads\/2023\/06\/im-thermoharder0005.jpg","contentUrl":"https:\/\/www.innomould.be\/site\/2023\/wp-content\/uploads\/2023\/06\/im-thermoharder0005.jpg","width":1024,"height":683},{"@type":"BreadcrumbList","@id":"https:\/\/www.innomould.be\/de\/peek-spritzgussteile\/#breadcrumb","itemListElement":[{"@type":"ListItem","position":1,"name":"Home","item":"https:\/\/www.innomould.be\/de\/"},{"@type":"ListItem","position":2,"name":"PEEK spritzgussteile"}]},{"@type":"WebSite","@id":"https:\/\/www.innomould.be\/de\/#website","url":"https:\/\/www.innomould.be\/de\/","name":"Inno-mould","description":"Innovative Moulding Techniques","publisher":{"@id":"https:\/\/www.innomould.be\/de\/#organization"},"potentialAction":[{"@type":"SearchAction","target":{"@type":"EntryPoint","urlTemplate":"https:\/\/www.innomould.be\/de\/?s={search_term_string}"},"query-input":{"@type":"PropertyValueSpecification","valueRequired":true,"valueName":"search_term_string"}}],"inLanguage":"de"},{"@type":"Organization","@id":"https:\/\/www.innomould.be\/de\/#organization","name":"Inno-mould","url":"https:\/\/www.innomould.be\/de\/","logo":{"@type":"ImageObject","inLanguage":"de","@id":"https:\/\/www.innomould.be\/de\/#\/schema\/logo\/image\/","url":"https:\/\/www.innomould.be\/site\/2023\/wp-content\/uploads\/2023\/05\/InnoMould-logo.png","contentUrl":"https:\/\/www.innomould.be\/site\/2023\/wp-content\/uploads\/2023\/05\/InnoMould-logo.png","width":300,"height":268,"caption":"Inno-mould"},"image":{"@id":"https:\/\/www.innomould.be\/de\/#\/schema\/logo\/image\/"},"sameAs":["https:\/\/www.facebook.com\/profile.php?id=100054263061338"]}]}},"_links":{"self":[{"href":"https:\/\/www.innomould.be\/de\/wp-json\/wp\/v2\/pages\/1633","targetHints":{"allow":["GET"]}}],"collection":[{"href":"https:\/\/www.innomould.be\/de\/wp-json\/wp\/v2\/pages"}],"about":[{"href":"https:\/\/www.innomould.be\/de\/wp-json\/wp\/v2\/types\/page"}],"author":[{"embeddable":true,"href":"https:\/\/www.innomould.be\/de\/wp-json\/wp\/v2\/users\/1"}],"replies":[{"embeddable":true,"href":"https:\/\/www.innomould.be\/de\/wp-json\/wp\/v2\/comments?post=1633"}],"version-history":[{"count":7,"href":"https:\/\/www.innomould.be\/de\/wp-json\/wp\/v2\/pages\/1633\/revisions"}],"predecessor-version":[{"id":1953,"href":"https:\/\/www.innomould.be\/de\/wp-json\/wp\/v2\/pages\/1633\/revisions\/1953"}],"wp:featuredmedia":[{"embeddable":true,"href":"https:\/\/www.innomould.be\/de\/wp-json\/wp\/v2\/media\/940"}],"wp:attachment":[{"href":"https:\/\/www.innomould.be\/de\/wp-json\/wp\/v2\/media?parent=1633"}],"curies":[{"name":"wp","href":"https:\/\/api.w.org\/{rel}","templated":true}]}}