{"id":1829,"date":"2023-09-29T18:00:41","date_gmt":"2023-09-29T18:00:41","guid":{"rendered":"https:\/\/www.innomould.be\/?page_id=1829"},"modified":"2023-10-01T08:31:20","modified_gmt":"2023-10-01T08:31:20","slug":"peek-halbzeuge","status":"publish","type":"page","link":"https:\/\/www.innomould.be\/de\/peek-halbzeuge\/","title":{"rendered":"PCTFE PFA PEEK Halbzeuge"},"content":{"rendered":"\t\t<div data-elementor-type=\"wp-page\" data-elementor-id=\"1829\" class=\"elementor elementor-1829\" data-elementor-post-type=\"page\">\n\t\t\t\t\t\t<section class=\"elementor-section elementor-top-section elementor-element elementor-element-39e9224 elementor-section-boxed elementor-section-height-default elementor-section-height-default\" data-id=\"39e9224\" data-element_type=\"section\" data-e-type=\"section\">\n\t\t\t\t\t\t<div class=\"elementor-container elementor-column-gap-default\">\n\t\t\t\t\t<div class=\"elementor-column elementor-col-100 elementor-top-column elementor-element elementor-element-baa72c8\" data-id=\"baa72c8\" data-element_type=\"column\" data-e-type=\"column\">\n\t\t\t<div class=\"elementor-widget-wrap elementor-element-populated\">\n\t\t\t\t\t\t<div class=\"elementor-element elementor-element-0a0eaf1 elementor-widget elementor-widget-heading\" data-id=\"0a0eaf1\" data-element_type=\"widget\" data-e-type=\"widget\" data-widget_type=\"heading.default\">\n\t\t\t\t\t<h2 class=\"elementor-heading-title elementor-size-default\">PCTFE PFA PEEK Halbzeuge\n<\/h2>\t\t\t\t<\/div>\n\t\t\t\t<div class=\"elementor-element elementor-element-292bbd3 elementor-widget elementor-widget-text-editor\" data-id=\"292bbd3\" data-element_type=\"widget\" data-e-type=\"widget\" data-widget_type=\"text-editor.default\">\n\t\t\t\t\t\t\t\t\tM\u00f6chten Sie aus dem Hochleistungskunstoff PEEK Halbzeuge gem\u00e4\u00df Ihren Ma\u00dfgaben anfertigen lassen? In Inno-mould haben Sie einen inhabergef\u00fchrten Familienbetrieb gefunden, bei dem die gesamte Herstellung der Halbfabrikate aus PEEK unter eigenem Dach stattfindet. Deshalb k\u00f6nnen wir eine hohe Qualit\u00e4t der Halbzeuge aus PEEK und anderen Kunststoffen wie auch eine hohe Liefertreue gew\u00e4hrleisten.\n\t\t\t\t\t\t\t\t<\/div>\n\t\t\t\t<div class=\"elementor-element elementor-element-55319ce elementor-widget elementor-widget-heading\" data-id=\"55319ce\" data-element_type=\"widget\" data-e-type=\"widget\" data-widget_type=\"heading.default\">\n\t\t\t\t\t<h3 class=\"elementor-heading-title elementor-size-default\">PEEK Halbzeuge, die h\u00f6chsten Anspr\u00fcchen gerecht werden\n<\/h3>\t\t\t\t<\/div>\n\t\t\t\t<div class=\"elementor-element elementor-element-6fe8242 elementor-widget elementor-widget-text-editor\" data-id=\"6fe8242\" data-element_type=\"widget\" data-e-type=\"widget\" data-widget_type=\"text-editor.default\">\n\t\t\t\t\t\t\t\t\t<p>Es stehen uns vielf\u00e4ltige Presswerkzeuge zu Verf\u00fcgung mit denen wir die optimale Kombination aus Innen- und Au\u00dfendurchmessern w\u00e4hlen k\u00f6nnen, die dem Endma\u00df Ihrer Endprodukte am besten gerecht wird. Die Werkzeuge wurden speziell f\u00fcr Hochdruck- und Hochtemperaturanwendungen konstruiert, und zwar haupts\u00e4chlich zur Fertigung \u00e4u\u00dferst best\u00e4ndiger Halbzeuge aus:<\/p><ul><li>PEEK natur<\/li><li>modifiziertem PEEK BG4330<\/li><li>speziellen PEEK Compounds<\/li><\/ul>\t\t\t\t\t\t\t\t<\/div>\n\t\t\t\t\t<\/div>\n\t\t<\/div>\n\t\t\t\t\t<\/div>\n\t\t<\/section>\n\t\t\t\t<section class=\"elementor-section elementor-top-section elementor-element elementor-element-a519fd5 elementor-section-boxed elementor-section-height-default elementor-section-height-default\" data-id=\"a519fd5\" data-element_type=\"section\" data-e-type=\"section\" id=\"contact\">\n\t\t\t\t\t\t\t<div class=\"elementor-background-overlay\"><\/div>\n\t\t\t\t\t\t\t<div class=\"elementor-container elementor-column-gap-default\">\n\t\t\t\t\t<div class=\"elementor-column elementor-col-100 elementor-top-column elementor-element elementor-element-9e5332b\" data-id=\"9e5332b\" data-element_type=\"column\" data-e-type=\"column\">\n\t\t\t<div class=\"elementor-widget-wrap elementor-element-populated\">\n\t\t\t\t\t\t<div class=\"elementor-element elementor-element-ff2f766 elementor-widget elementor-widget-text-editor\" data-id=\"ff2f766\" data-element_type=\"widget\" data-e-type=\"widget\" data-widget_type=\"text-editor.default\">\n\t\t\t\t\t\t\t\t\t<p>Wir fangen an mit Victrex\u00ae 450 Pulver und haben eine eigene Kompoundierabteilung, in der wir Mischungen mit verschiedenen F\u00fcllstoffen, wie PTFE, Graphite, Kohlefaser, Glasfaser etc. herstellen. Insgesamt kommen bei uns haupts\u00e4chlich die folgenden Kunststoffe f\u00fcr die Fertigung von Halbzeugen mithilfe von thermoplastischen Verfahren oder im\u00a0<a href=\"https:\/\/www.innomould.be\/de\/peek-spritzgussteile\/\">Spritzgussverfahren<\/a>\u00a0zum Einsatz:<\/p><ul><li><a href=\"https:\/\/www.innomould.be\/de\/peek\/\">PEEK<\/a><\/li><li><a href=\"https:\/\/www.innomould.be\/de\/pctfe\/\">PCTFE<\/a><\/li><li><a href=\"https:\/\/www.innomould.be\/de\/pfa-schlauchstutzen\/\">PFA<\/a><\/li><li>PPS<\/li><li>UHMWPE<\/li><\/ul>\t\t\t\t\t\t\t\t<\/div>\n\t\t\t\t<div class=\"elementor-element elementor-element-fd619f8 elementor-widget elementor-widget-heading\" data-id=\"fd619f8\" data-element_type=\"widget\" data-e-type=\"widget\" data-widget_type=\"heading.default\">\n\t\t\t\t\t<h4 class=\"elementor-heading-title elementor-size-default\">Beauftragen Sie einen zuverl\u00e4ssigen Familienbetrieb mit der Fertigung Ihrer Halbzeuge\n<\/h4>\t\t\t\t<\/div>\n\t\t\t\t<div class=\"elementor-element elementor-element-4068c24 elementor-widget elementor-widget-text-editor\" data-id=\"4068c24\" data-element_type=\"widget\" data-e-type=\"widget\" data-widget_type=\"text-editor.default\">\n\t\t\t\t\t\t\t\t\t<p>Auf Wunsch k\u00f6nnen Sie sich gerne zuerst einmal unsere\u00a0<a href=\"https:\/\/www.innomould.be\/site\/2023\/wp-content\/uploads\/2023\/09\/Dimensions-PEEK-tubes.pdf\">Werkzeugliste<\/a>\u00a0zur Herstellung von\u00a0<a href=\"https:\/\/www.innomould.be\/de\/peek-rohre\/\">PEEK Rohren<\/a>\u00a0anschauen. Selbstverst\u00e4ndlich freuen wir uns jedoch auch auf Ihren Anruf unter:\u00a0<a href=\"tel:003237553730\">+32 (0)3 \/ 755 37 30<\/a>\u00a0oder eine E-Mail-Nachricht unter\u00a0<a href=\"mailto:mario@innomould.be\">mario@innomould.be<\/a>. Teilen Sie uns Ihre Anforderungen im Hinblick auf PEEK Halbzeuge, wie zum Beispiel St\u00e4be, Rohre und Platten mit, damit wir Ihnen ein bedarfsgerechtes Angebot unterbreiten k\u00f6nnen.<\/p>\t\t\t\t\t\t\t\t<\/div>\n\t\t\t\t<div class=\"elementor-element elementor-element-62279fb elementor-widget elementor-widget-button\" data-id=\"62279fb\" data-element_type=\"widget\" data-e-type=\"widget\" data-widget_type=\"button.default\">\n\t\t\t\t\t\t\t\t\t\t<a class=\"elementor-button elementor-button-link elementor-size-sm\" href=\"https:\/\/www.innomould.be\/de\/kontakt\/\">\n\t\t\t\t\t\t<span class=\"elementor-button-content-wrapper\">\n\t\t\t\t\t\t\t\t\t<span class=\"elementor-button-text\">Kontakt<\/span>\n\t\t\t\t\t<\/span>\n\t\t\t\t\t<\/a>\n\t\t\t\t\t\t\t\t<\/div>\n\t\t\t\t\t<\/div>\n\t\t<\/div>\n\t\t\t\t\t<\/div>\n\t\t<\/section>\n\t\t\t\t<\/div>\n\t\t","protected":false},"excerpt":{"rendered":"<p>PCTFE PFA PEEK Halbzeuge M\u00f6chten Sie aus dem Hochleistungskunstoff PEEK Halbzeuge gem\u00e4\u00df Ihren Ma\u00dfgaben anfertigen lassen? In Inno-mould haben Sie einen inhabergef\u00fchrten Familienbetrieb gefunden, bei dem die gesamte Herstellung der Halbfabrikate aus PEEK unter eigenem Dach stattfindet. Deshalb k\u00f6nnen wir eine hohe Qualit\u00e4t der Halbzeuge aus PEEK und anderen Kunststoffen wie auch eine hohe Liefertreue [&hellip;]<\/p>\n","protected":false},"author":1,"featured_media":940,"parent":0,"menu_order":0,"comment_status":"closed","ping_status":"closed","template":"","meta":{"footnotes":""},"class_list":["post-1829","page","type-page","status-publish","has-post-thumbnail","hentry"],"yoast_head":"<!-- This site is optimized with the Yoast SEO Premium plugin v21.2 (Yoast SEO v27.5) - https:\/\/yoast.com\/product\/yoast-seo-premium-wordpress\/ -->\n<title>PCTFE PFA PEEK Halbzeuge - Inno-mould<\/title>\n<meta name=\"robots\" content=\"index, follow, max-snippet:-1, max-image-preview:large, max-video-preview:-1\" \/>\n<link rel=\"canonical\" href=\"https:\/\/www.innomould.be\/de\/peek-halbzeuge\/\" \/>\n<meta property=\"og:locale\" content=\"de_DE\" \/>\n<meta property=\"og:type\" content=\"article\" \/>\n<meta property=\"og:title\" content=\"PCTFE PFA PEEK Halbzeuge\" \/>\n<meta property=\"og:description\" content=\"PCTFE PFA PEEK Halbzeuge M\u00f6chten Sie aus dem Hochleistungskunstoff PEEK Halbzeuge gem\u00e4\u00df Ihren Ma\u00dfgaben anfertigen lassen? In Inno-mould haben Sie einen inhabergef\u00fchrten Familienbetrieb gefunden, bei dem die gesamte Herstellung der Halbfabrikate aus PEEK unter eigenem Dach stattfindet. Deshalb k\u00f6nnen wir eine hohe Qualit\u00e4t der Halbzeuge aus PEEK und anderen Kunststoffen wie auch eine hohe Liefertreue [&hellip;]\" \/>\n<meta property=\"og:url\" content=\"https:\/\/www.innomould.be\/de\/peek-halbzeuge\/\" \/>\n<meta property=\"og:site_name\" content=\"Inno-mould\" \/>\n<meta property=\"article:publisher\" content=\"https:\/\/www.facebook.com\/profile.php?id=100054263061338\" \/>\n<meta property=\"article:modified_time\" content=\"2023-10-01T08:31:20+00:00\" \/>\n<meta property=\"og:image\" content=\"https:\/\/www.innomould.be\/site\/2023\/wp-content\/uploads\/2023\/06\/im-thermoharder0005.jpg\" \/>\n\t<meta property=\"og:image:width\" content=\"1024\" \/>\n\t<meta property=\"og:image:height\" content=\"683\" \/>\n\t<meta property=\"og:image:type\" content=\"image\/jpeg\" \/>\n<meta name=\"twitter:card\" content=\"summary_large_image\" \/>\n<meta name=\"twitter:label1\" content=\"Gesch\u00e4tzte Lesezeit\" \/>\n\t<meta name=\"twitter:data1\" content=\"2\u00a0Minuten\" \/>\n<script type=\"application\/ld+json\" class=\"yoast-schema-graph\">{\"@context\":\"https:\\\/\\\/schema.org\",\"@graph\":[{\"@type\":\"WebPage\",\"@id\":\"https:\\\/\\\/www.innomould.be\\\/de\\\/peek-halbzeuge\\\/\",\"url\":\"https:\\\/\\\/www.innomould.be\\\/de\\\/peek-halbzeuge\\\/\",\"name\":\"PCTFE PFA PEEK Halbzeuge - Inno-mould\",\"isPartOf\":{\"@id\":\"https:\\\/\\\/www.innomould.be\\\/de\\\/#website\"},\"primaryImageOfPage\":{\"@id\":\"https:\\\/\\\/www.innomould.be\\\/de\\\/peek-halbzeuge\\\/#primaryimage\"},\"image\":{\"@id\":\"https:\\\/\\\/www.innomould.be\\\/de\\\/peek-halbzeuge\\\/#primaryimage\"},\"thumbnailUrl\":\"https:\\\/\\\/www.innomould.be\\\/site\\\/2023\\\/wp-content\\\/uploads\\\/2023\\\/06\\\/im-thermoharder0005.jpg\",\"datePublished\":\"2023-09-29T18:00:41+00:00\",\"dateModified\":\"2023-10-01T08:31:20+00:00\",\"breadcrumb\":{\"@id\":\"https:\\\/\\\/www.innomould.be\\\/de\\\/peek-halbzeuge\\\/#breadcrumb\"},\"inLanguage\":\"de\",\"potentialAction\":[{\"@type\":\"ReadAction\",\"target\":[\"https:\\\/\\\/www.innomould.be\\\/de\\\/peek-halbzeuge\\\/\"]}]},{\"@type\":\"ImageObject\",\"inLanguage\":\"de\",\"@id\":\"https:\\\/\\\/www.innomould.be\\\/de\\\/peek-halbzeuge\\\/#primaryimage\",\"url\":\"https:\\\/\\\/www.innomould.be\\\/site\\\/2023\\\/wp-content\\\/uploads\\\/2023\\\/06\\\/im-thermoharder0005.jpg\",\"contentUrl\":\"https:\\\/\\\/www.innomould.be\\\/site\\\/2023\\\/wp-content\\\/uploads\\\/2023\\\/06\\\/im-thermoharder0005.jpg\",\"width\":1024,\"height\":683},{\"@type\":\"BreadcrumbList\",\"@id\":\"https:\\\/\\\/www.innomould.be\\\/de\\\/peek-halbzeuge\\\/#breadcrumb\",\"itemListElement\":[{\"@type\":\"ListItem\",\"position\":1,\"name\":\"Home\",\"item\":\"https:\\\/\\\/www.innomould.be\\\/de\\\/\"},{\"@type\":\"ListItem\",\"position\":2,\"name\":\"PCTFE PFA PEEK Halbzeuge\"}]},{\"@type\":\"WebSite\",\"@id\":\"https:\\\/\\\/www.innomould.be\\\/de\\\/#website\",\"url\":\"https:\\\/\\\/www.innomould.be\\\/de\\\/\",\"name\":\"Inno-mould\",\"description\":\"Innovative Moulding Techniques\",\"publisher\":{\"@id\":\"https:\\\/\\\/www.innomould.be\\\/de\\\/#organization\"},\"potentialAction\":[{\"@type\":\"SearchAction\",\"target\":{\"@type\":\"EntryPoint\",\"urlTemplate\":\"https:\\\/\\\/www.innomould.be\\\/de\\\/?s={search_term_string}\"},\"query-input\":{\"@type\":\"PropertyValueSpecification\",\"valueRequired\":true,\"valueName\":\"search_term_string\"}}],\"inLanguage\":\"de\"},{\"@type\":\"Organization\",\"@id\":\"https:\\\/\\\/www.innomould.be\\\/de\\\/#organization\",\"name\":\"Inno-mould\",\"url\":\"https:\\\/\\\/www.innomould.be\\\/de\\\/\",\"logo\":{\"@type\":\"ImageObject\",\"inLanguage\":\"de\",\"@id\":\"https:\\\/\\\/www.innomould.be\\\/de\\\/#\\\/schema\\\/logo\\\/image\\\/\",\"url\":\"https:\\\/\\\/www.innomould.be\\\/site\\\/2023\\\/wp-content\\\/uploads\\\/2023\\\/05\\\/InnoMould-logo.png\",\"contentUrl\":\"https:\\\/\\\/www.innomould.be\\\/site\\\/2023\\\/wp-content\\\/uploads\\\/2023\\\/05\\\/InnoMould-logo.png\",\"width\":300,\"height\":268,\"caption\":\"Inno-mould\"},\"image\":{\"@id\":\"https:\\\/\\\/www.innomould.be\\\/de\\\/#\\\/schema\\\/logo\\\/image\\\/\"},\"sameAs\":[\"https:\\\/\\\/www.facebook.com\\\/profile.php?id=100054263061338\"]}]}<\/script>\n<!-- \/ Yoast SEO Premium plugin. -->","yoast_head_json":{"title":"PCTFE PFA PEEK Halbzeuge - Inno-mould","robots":{"index":"index","follow":"follow","max-snippet":"max-snippet:-1","max-image-preview":"max-image-preview:large","max-video-preview":"max-video-preview:-1"},"canonical":"https:\/\/www.innomould.be\/de\/peek-halbzeuge\/","og_locale":"de_DE","og_type":"article","og_title":"PCTFE PFA PEEK Halbzeuge","og_description":"PCTFE PFA PEEK Halbzeuge M\u00f6chten Sie aus dem Hochleistungskunstoff PEEK Halbzeuge gem\u00e4\u00df Ihren Ma\u00dfgaben anfertigen lassen? In Inno-mould haben Sie einen inhabergef\u00fchrten Familienbetrieb gefunden, bei dem die gesamte Herstellung der Halbfabrikate aus PEEK unter eigenem Dach stattfindet. Deshalb k\u00f6nnen wir eine hohe Qualit\u00e4t der Halbzeuge aus PEEK und anderen Kunststoffen wie auch eine hohe Liefertreue [&hellip;]","og_url":"https:\/\/www.innomould.be\/de\/peek-halbzeuge\/","og_site_name":"Inno-mould","article_publisher":"https:\/\/www.facebook.com\/profile.php?id=100054263061338","article_modified_time":"2023-10-01T08:31:20+00:00","og_image":[{"width":1024,"height":683,"url":"https:\/\/www.innomould.be\/site\/2023\/wp-content\/uploads\/2023\/06\/im-thermoharder0005.jpg","type":"image\/jpeg"}],"twitter_card":"summary_large_image","twitter_misc":{"Gesch\u00e4tzte Lesezeit":"2\u00a0Minuten"},"schema":{"@context":"https:\/\/schema.org","@graph":[{"@type":"WebPage","@id":"https:\/\/www.innomould.be\/de\/peek-halbzeuge\/","url":"https:\/\/www.innomould.be\/de\/peek-halbzeuge\/","name":"PCTFE PFA PEEK Halbzeuge - Inno-mould","isPartOf":{"@id":"https:\/\/www.innomould.be\/de\/#website"},"primaryImageOfPage":{"@id":"https:\/\/www.innomould.be\/de\/peek-halbzeuge\/#primaryimage"},"image":{"@id":"https:\/\/www.innomould.be\/de\/peek-halbzeuge\/#primaryimage"},"thumbnailUrl":"https:\/\/www.innomould.be\/site\/2023\/wp-content\/uploads\/2023\/06\/im-thermoharder0005.jpg","datePublished":"2023-09-29T18:00:41+00:00","dateModified":"2023-10-01T08:31:20+00:00","breadcrumb":{"@id":"https:\/\/www.innomould.be\/de\/peek-halbzeuge\/#breadcrumb"},"inLanguage":"de","potentialAction":[{"@type":"ReadAction","target":["https:\/\/www.innomould.be\/de\/peek-halbzeuge\/"]}]},{"@type":"ImageObject","inLanguage":"de","@id":"https:\/\/www.innomould.be\/de\/peek-halbzeuge\/#primaryimage","url":"https:\/\/www.innomould.be\/site\/2023\/wp-content\/uploads\/2023\/06\/im-thermoharder0005.jpg","contentUrl":"https:\/\/www.innomould.be\/site\/2023\/wp-content\/uploads\/2023\/06\/im-thermoharder0005.jpg","width":1024,"height":683},{"@type":"BreadcrumbList","@id":"https:\/\/www.innomould.be\/de\/peek-halbzeuge\/#breadcrumb","itemListElement":[{"@type":"ListItem","position":1,"name":"Home","item":"https:\/\/www.innomould.be\/de\/"},{"@type":"ListItem","position":2,"name":"PCTFE PFA PEEK Halbzeuge"}]},{"@type":"WebSite","@id":"https:\/\/www.innomould.be\/de\/#website","url":"https:\/\/www.innomould.be\/de\/","name":"Inno-mould","description":"Innovative Moulding Techniques","publisher":{"@id":"https:\/\/www.innomould.be\/de\/#organization"},"potentialAction":[{"@type":"SearchAction","target":{"@type":"EntryPoint","urlTemplate":"https:\/\/www.innomould.be\/de\/?s={search_term_string}"},"query-input":{"@type":"PropertyValueSpecification","valueRequired":true,"valueName":"search_term_string"}}],"inLanguage":"de"},{"@type":"Organization","@id":"https:\/\/www.innomould.be\/de\/#organization","name":"Inno-mould","url":"https:\/\/www.innomould.be\/de\/","logo":{"@type":"ImageObject","inLanguage":"de","@id":"https:\/\/www.innomould.be\/de\/#\/schema\/logo\/image\/","url":"https:\/\/www.innomould.be\/site\/2023\/wp-content\/uploads\/2023\/05\/InnoMould-logo.png","contentUrl":"https:\/\/www.innomould.be\/site\/2023\/wp-content\/uploads\/2023\/05\/InnoMould-logo.png","width":300,"height":268,"caption":"Inno-mould"},"image":{"@id":"https:\/\/www.innomould.be\/de\/#\/schema\/logo\/image\/"},"sameAs":["https:\/\/www.facebook.com\/profile.php?id=100054263061338"]}]}},"_links":{"self":[{"href":"https:\/\/www.innomould.be\/de\/wp-json\/wp\/v2\/pages\/1829","targetHints":{"allow":["GET"]}}],"collection":[{"href":"https:\/\/www.innomould.be\/de\/wp-json\/wp\/v2\/pages"}],"about":[{"href":"https:\/\/www.innomould.be\/de\/wp-json\/wp\/v2\/types\/page"}],"author":[{"embeddable":true,"href":"https:\/\/www.innomould.be\/de\/wp-json\/wp\/v2\/users\/1"}],"replies":[{"embeddable":true,"href":"https:\/\/www.innomould.be\/de\/wp-json\/wp\/v2\/comments?post=1829"}],"version-history":[{"count":10,"href":"https:\/\/www.innomould.be\/de\/wp-json\/wp\/v2\/pages\/1829\/revisions"}],"predecessor-version":[{"id":1956,"href":"https:\/\/www.innomould.be\/de\/wp-json\/wp\/v2\/pages\/1829\/revisions\/1956"}],"wp:featuredmedia":[{"embeddable":true,"href":"https:\/\/www.innomould.be\/de\/wp-json\/wp\/v2\/media\/940"}],"wp:attachment":[{"href":"https:\/\/www.innomould.be\/de\/wp-json\/wp\/v2\/media?parent=1829"}],"curies":[{"name":"wp","href":"https:\/\/api.w.org\/{rel}","templated":true}]}}